{"id":2611,"date":"2024-05-24T21:18:03","date_gmt":"2024-05-24T21:18:03","guid":{"rendered":"https:\/\/www.leader-mastery.com\/acerca-de-leader-mastery\/"},"modified":"2025-04-20T01:30:47","modified_gmt":"2025-04-20T01:30:47","slug":"acerca-de-leader-mastery","status":"publish","type":"page","link":"https:\/\/www.leader-mastery.com\/es\/acerca-de-leader-mastery\/","title":{"rendered":"Acerca de Leader Mastery"},"content":{"rendered":"\n<div class=\"wp-block-group alignfull has-light-background-color has-background has-global-padding is-layout-constrained wp-container-core-group-is-layout-af9682e5 wp-block-group-is-layout-constrained\" style=\"padding-top:var(--wp--preset--spacing--50);padding-bottom:var(--wp--preset--spacing--50)\">\n<div class=\"wp-block-group alignwide has-x-small-font-size is-layout-flow wp-block-group-is-layout-flow\"><nav aria-label=\"breadcrumbs\" class=\"rank-math-breadcrumb\"><p><span class=\"last\">Leader Mastery<\/span><\/p><\/nav>\n<\/div>\n\n\n<h1 class=\"alignwide wp-block-post-title wp-container-content-5f80b302\">Acerca de Leader Mastery<\/h1><\/div>\n\n<div class=\"wp-block-group alignfull has-global-padding is-layout-constrained wp-block-group-is-layout-constrained\" style=\"margin-top:0;padding-top:0;padding-bottom:0\">\n<div class=\"wp-block-columns alignwide are-vertically-aligned-top is-layout-flex wp-container-core-columns-is-layout-8136b7c5 wp-block-columns-is-layout-flex\" style=\"margin-top:5svh;margin-bottom:5svh\">\n<div class=\"wp-block-column is-vertically-aligned-top is-layout-flow wp-block-column-is-layout-flow\">\n<figure class=\"wp-block-image aligncenter size-large is-style-rounded is-style-rounded--1\"><img decoding=\"async\" src=\"https:\/\/www.leader-mastery.com\/wp-content\/uploads\/DALL&#xB7;E-2024-07-15-11.12.13-Refine-the-landscape-image-of-a-leadership-seminar-within-the-Leader-Mastery-platform-with-a-hyper-realistic-quality-emphasizing-the-details-and-ex-960x549.webp\" alt=\"Seminario de Leader Mastery\" class=\"wp-image-2070\"\/><\/figure>\n<\/div>\n\n\n\n<div class=\"wp-block-column is-vertically-aligned-top is-layout-flow wp-block-column-is-layout-flow\">\n<h2 class=\"wp-block-heading\">Nuestra Historia<\/h2>\n\n\n\n<div class=\"wp-block-columns is-layout-flex wp-container-core-columns-is-layout-28f84493 wp-block-columns-is-layout-flex\">\n<div class=\"wp-block-column is-layout-flow wp-block-column-is-layout-flow\">\n<p>Leader Mastery naci\u00f3 de un profundo compromiso para revolucionar la industria de seguros de vida mediante capacitaci\u00f3n avanzada y tecnolog\u00eda de vanguardia. <\/p>\n\n\n\n<p>Fundada por veteranos de la industria con d\u00e9cadas de experiencia, nuestra misi\u00f3n es capacitar a asesores financieros, agentes de seguros y gerentes de agencias con las habilidades y el conocimiento que necesitan para sobresalir en sus carreras.<\/p>\n\n\n\n<p>Nuestro viaje comenz\u00f3 con una idea simple pero poderosa: crear una plataforma que no solo brinde capacitaci\u00f3n integral, sino que tambi\u00e9n fomente el aprendizaje continuo y el crecimiento profesional. <\/p>\n<\/div>\n\n\n\n<div class=\"wp-block-column is-layout-flow wp-block-column-is-layout-flow\">\n<p>Reconocimos los desaf\u00edos que enfrentan aquellos en la red de distribuci\u00f3n de seguros de vida y nos propusimos construir una soluci\u00f3n que aborde estos puntos cr\u00edticos con precisi\u00f3n e innovaci\u00f3n.<\/p>\n\n\n\n<p>Desde nuestra creaci\u00f3n, Leader Mastery se ha convertido en un socio de confianza para profesionales de toda la industria. <\/p>\n\n\n\n<p>Nos enorgullecemos de nuestro compromiso con la excelencia, la integridad y el \u00e9xito de nuestros clientes. Nuestra plataforma est\u00e1 dise\u00f1ada para ser un recurso integral para todas sus necesidades de formaci\u00f3n, ofreciendo una experiencia fluida y de f\u00e1cil utilizaci\u00f3n. <\/p>\n<\/div>\n<\/div>\n<\/div>\n<\/div>\n\n\n\n<hr class=\"wp-block-separator alignwide has-text-color has-dark-10-color has-alpha-channel-opacity has-dark-10-background-color has-background is-style-wide\"\/>\n\n\n\n<div class=\"wp-block-columns alignwide are-vertically-aligned-top is-layout-flex wp-container-core-columns-is-layout-8136b7c5 wp-block-columns-is-layout-flex\" style=\"margin-top:5svh;margin-bottom:5svh\">\n<div class=\"wp-block-column is-vertically-aligned-top is-layout-flow wp-block-column-is-layout-flow\">\n<figure class=\"wp-block-image size-full is-style-rounded is-style-rounded--2\"><img decoding=\"async\" src=\"https:\/\/www.leader-mastery.com\/wp-content\/uploads\/DALL&#xB7;E-2024-07-15-11.13.53-Create-a-landscape-image-representing-the-mission-of-Leader-Mastery-as-it-transforms-insurance-industry-training.-The-scene-is-a-dynamic-profession.webp\" alt=\"Misi&#xF3;n de Leader Mastery\" class=\"wp-image-2073\"\/><\/figure>\n<\/div>\n\n\n\n<div class=\"wp-block-column is-vertically-aligned-top is-layout-flow wp-block-column-is-layout-flow\">\n<h2 class=\"wp-block-heading is-style-rounded\">Nuestra Misi\u00f3n<\/h2>\n\n\n\n<p>En Leader Mastery, nuestra misi\u00f3n es transformar los flujos de trabajo de distribuci\u00f3n financiera y la formaci\u00f3n en la industria de seguros. Aspiramos a proporcionar soluciones de formaci\u00f3n inteligentes, flexibles e integradas que mejoren las habilidades de los profesionales, optimicen las operaciones comerciales y respalden el crecimiento sostenible. <\/p>\n<\/div>\n<\/div>\n<\/div>\n\n<div class=\"wp-block-group alignfull has-light-color has-secondary-background-color has-text-color has-background has-link-color wp-elements-78e5bf9b676bf6fdddf6214e42d6908e has-global-padding is-layout-constrained wp-block-group-is-layout-constrained\" style=\"margin-top:0;padding-top:5svh;padding-bottom:5svh\">\n<h2 class=\"wp-block-heading alignwide has-primary-color has-text-color has-link-color wp-elements-e975339699403ed75becf01137675ace\">\u00bfPor qu\u00e9 elegir Leader Mastery?<\/h2>\n\n\n\n<div class=\"wp-block-columns alignwide are-vertically-aligned-top is-layout-flex wp-container-core-columns-is-layout-28f84493 wp-block-columns-is-layout-flex\">\n<div class=\"wp-block-column is-vertically-aligned-top is-layout-flow wp-block-column-is-layout-flow\">\n<figure class=\"wp-block-image size-full is-style-rounded is-style-rounded--3\"><img decoding=\"async\" src=\"https:\/\/www.leader-mastery.com\/wp-content\/uploads\/DALL&#xB7;E-2024-07-15-11.14.33-Create-a-landscape-image-depicting-the-comprehensive-training-programs-offered-by-Leader-Mastery.-The-scene-is-set-in-a-large-modern-classroom-with.webp\" alt=\"Visi&#xF3;n de Leader Mastery\" class=\"wp-image-2075\"\/><\/figure>\n<\/div>\n\n\n\n<div class=\"wp-block-column is-vertically-aligned-top is-layout-flow wp-block-column-is-layout-flow\">\n<h3 class=\"wp-block-heading\">Programas de Capacitaci\u00f3n Integral<\/h3>\n\n\n\n<p>Nuestra plataforma ofrece una amplia gama de programas de formaci\u00f3n adaptados para satisfacer las necesidades de asesores financieros, agentes de seguros y gerentes de agencias. Desde cursos fundamentales hasta certificaciones avanzadas, cubrimos todos los aspectos de la industria de seguros de vida. <\/p>\n\n\n\n<div class=\"wp-block-columns is-layout-flex wp-container-core-columns-is-layout-28f84493 wp-block-columns-is-layout-flex\">\n<div class=\"wp-block-column has-light-title-color has-dark-15-background-color has-text-color has-background has-link-color wp-elements-badfef634477bbe45dc5adcc3e08186f is-layout-flow wp-block-column-is-layout-flow\" style=\"padding-top:var(--wp--preset--spacing--50);padding-right:var(--wp--preset--spacing--50);padding-bottom:var(--wp--preset--spacing--50);padding-left:var(--wp--preset--spacing--50);box-shadow:var(--wp--preset--shadow--natural)\">\n<h4 class=\"wp-block-heading\">Aprendizaje Interactivo<\/h4>\n\n\n\n<p>Participa en experiencias de aprendizaje interactivas que van m\u00e1s all\u00e1 de los m\u00e9todos de capacitaci\u00f3n tradicionales. <\/p>\n\n\n\n<p>Nuestra plataforma incluye seminarios web en vivo, ejercicios pr\u00e1cticos y escenarios del mundo real para garantizar que adquieras conocimientos y habilidades pr\u00e1cticas.<\/p>\n<\/div>\n\n\n\n<div class=\"wp-block-column has-light-title-color has-dark-15-background-color has-text-color has-background has-link-color wp-elements-9321c717f7aba4a2b8fb49daeb3e8418 is-layout-flow wp-block-column-is-layout-flow\" style=\"padding-top:var(--wp--preset--spacing--50);padding-right:var(--wp--preset--spacing--50);padding-bottom:var(--wp--preset--spacing--50);padding-left:var(--wp--preset--spacing--50);box-shadow:var(--wp--preset--shadow--natural)\">\n<h4 class=\"wp-block-heading\">Rutas de Aprendizaje Personalizadas<\/h4>\n\n\n\n<p>Entendemos que cada profesional tiene necesidades y objetivos \u00fanicos. <\/p>\n\n\n\n<p>Nuestros caminos de aprendizaje personalizados est\u00e1n dise\u00f1ados para ayudarte a alcanzar tus objetivos profesionales espec\u00edficos y avanzar a tu propio ritmo.<\/p>\n<\/div>\n<\/div>\n<\/div>\n<\/div>\n<\/div>\n\n<div class=\"wp-block-group alignfull has-global-padding is-layout-constrained wp-block-group-is-layout-constrained\" style=\"margin-top:0;margin-bottom:0;padding-top:5svh;padding-bottom:5svh\">\n<div class=\"wp-block-columns alignwide is-layout-flex wp-container-core-columns-is-layout-28f84493 wp-block-columns-is-layout-flex\">\n<div class=\"wp-block-column is-layout-flow wp-block-column-is-layout-flow\">\n<figure class=\"wp-block-image size-large\"><img decoding=\"async\" src=\"https:\/\/www.leader-mastery.com\/wp-content\/uploads\/ExpertLedCourses-960x549.webp\" alt=\"\" class=\"wp-image-3016\"\/><\/figure>\n<\/div>\n\n\n\n<div class=\"wp-block-column is-layout-flow wp-block-column-is-layout-flow\">\n<h3 class=\"wp-block-heading\">Cursos dirigidos por expertos<\/h3>\n\n\n\n<p>Aprenda de los mejores en la industria. Nuestros cursos son desarrollados e impartidos por profesionales experimentados con amplia experiencia y conocimientos en los sectores financiero y de seguros. <\/p>\n\n\n\n<div class=\"wp-block-columns is-layout-flex wp-container-core-columns-is-layout-28f84493 wp-block-columns-is-layout-flex\">\n<div class=\"wp-block-column is-layout-flow wp-block-column-is-layout-flow\" style=\"padding-top:var(--wp--preset--spacing--50);padding-right:var(--wp--preset--spacing--50);padding-bottom:var(--wp--preset--spacing--50);padding-left:var(--wp--preset--spacing--50);box-shadow:var(--wp--preset--shadow--natural)\">\n<h4 class=\"wp-block-heading\">Tecnolog\u00eda de vanguardia<\/h4>\n\n\n\n<p>Leader Mastery aprovecha la tecnolog\u00eda m\u00e1s avanzada para proporcionar una experiencia de aprendizaje fluida y eficiente. Nuestra plataforma basada en la nube garantiza que pueda acceder a sus cursos en cualquier momento, en cualquier lugar y desde cualquier dispositivo. <\/p>\n<\/div>\n\n\n\n<div class=\"wp-block-column is-layout-flow wp-block-column-is-layout-flow\" style=\"padding-top:var(--wp--preset--spacing--50);padding-right:var(--wp--preset--spacing--50);padding-bottom:var(--wp--preset--spacing--50);padding-left:var(--wp--preset--spacing--50);box-shadow:var(--wp--preset--shadow--natural)\">\n<h4 class=\"wp-block-heading\">Soporte continuo<\/h4>\n\n\n\n<p>Nuestro compromiso con su \u00e9xito no termina con la finalizaci\u00f3n del curso. Ofrecemos apoyo continuo y recursos para ayudarle a mantenerse actualizado con las tendencias de la industria y continuar su desarrollo profesional. <\/p>\n<\/div>\n<\/div>\n\n\n\n<div class=\"wp-block-group has-dark-10-background-color has-background has-global-padding is-layout-constrained wp-container-core-group-is-layout-db32e940 wp-block-group-is-layout-constrained\" style=\"border-radius:0.4em;padding-top:var(--wp--preset--spacing--60);padding-right:var(--wp--preset--spacing--60);padding-bottom:var(--wp--preset--spacing--60);padding-left:var(--wp--preset--spacing--60)\">\n<h4 class=\"wp-block-heading\">Comunidad y redes de contacto<\/h4>\n\n\n\n<p>\u00danase a una comunidad de profesionales afines y l\u00edderes de la industria. Nuestra plataforma proporciona oportunidades para establecer contactos, colaborar y compartir las mejores pr\u00e1cticas. <\/p>\n<\/div>\n<\/div>\n<\/div>\n<\/div>\n\n<div class=\"wp-block-group alignfull has-light-color has-secondary-background-color has-text-color has-background has-link-color wp-elements-3fc2af899618f250033859a3796dae6c has-global-padding is-layout-constrained wp-block-group-is-layout-constrained\" style=\"margin-top:0;padding-top:var(--wp--preset--spacing--100);padding-bottom:var(--wp--preset--spacing--100)\">\n<h3 class=\"wp-block-heading alignwide is-style-border-shadow-light\">Nuestros valores<\/h3>\n\n\n\n<div class=\"wp-block-columns alignwide is-layout-flex wp-container-core-columns-is-layout-28f84493 wp-block-columns-is-layout-flex\">\n<div class=\"wp-block-column has-light-title-color has-dark-10-background-color has-text-color has-background has-link-color wp-elements-aabccf214d0aa18f2f0daadebcc84234 is-layout-flow wp-block-column-is-layout-flow\" style=\"padding-top:var(--wp--preset--spacing--50);padding-right:var(--wp--preset--spacing--50);padding-bottom:var(--wp--preset--spacing--50);padding-left:var(--wp--preset--spacing--50);box-shadow:var(--wp--preset--shadow--natural)\">\n<h4 class=\"wp-block-heading\">Excelencia<\/h4>\n\n\n\n<p>Nos esforzamos por la excelencia en todo lo que hacemos, desde la calidad de nuestros cursos hasta el nivel de apoyo que brindamos.<\/p>\n<\/div>\n\n\n\n<div class=\"wp-block-column has-light-title-color has-dark-10-background-color has-text-color has-background has-link-color wp-elements-2dbf1b474805384c7d1d56e11b00e515 is-layout-flow wp-block-column-is-layout-flow\" style=\"padding-top:var(--wp--preset--spacing--50);padding-right:var(--wp--preset--spacing--50);padding-bottom:var(--wp--preset--spacing--50);padding-left:var(--wp--preset--spacing--50);box-shadow:var(--wp--preset--shadow--natural)\">\n<h4 class=\"wp-block-heading\">Integridad<\/h4>\n\n\n\n<p>Operamos con los m\u00e1s altos est\u00e1ndares de integridad, asegurando transparencia, honestidad y pr\u00e1cticas \u00e9ticas en todas nuestras interacciones.<\/p>\n<\/div>\n\n\n\n<div class=\"wp-block-column has-light-title-color has-dark-10-background-color has-text-color has-background has-link-color wp-elements-84d73a3bd99eb62a791c2a41287f6a5f is-layout-flow wp-block-column-is-layout-flow\" style=\"padding-top:var(--wp--preset--spacing--50);padding-right:var(--wp--preset--spacing--50);padding-bottom:var(--wp--preset--spacing--50);padding-left:var(--wp--preset--spacing--50);box-shadow:var(--wp--preset--shadow--natural)\">\n<h4 class=\"wp-block-heading\">Innovaci\u00f3n<\/h4>\n\n\n\n<p>Adoptamos la innovaci\u00f3n y buscamos continuamente nuevas formas de mejorar nuestra plataforma y la experiencia de aprendizaje para nuestros usuarios.<\/p>\n<\/div>\n\n\n\n<div class=\"wp-block-column has-light-title-color has-dark-10-background-color has-text-color has-background has-link-color wp-elements-a92c0ef2c031774dfe5daa5cced7a296 is-layout-flow wp-block-column-is-layout-flow\" style=\"padding-top:var(--wp--preset--spacing--50);padding-right:var(--wp--preset--spacing--50);padding-bottom:var(--wp--preset--spacing--50);padding-left:var(--wp--preset--spacing--50);box-shadow:var(--wp--preset--shadow--natural)\">\n<h4 class=\"wp-block-heading\">\u00c9xito del cliente<\/h4>\n\n\n\n<p>Tu \u00e9xito es nuestra principal prioridad. Estamos dedicados a ayudarte a alcanzar tus metas y llegar a nuevas alturas en tu carrera.<\/p>\n<\/div>\n<\/div>\n<\/div>\n\n<div class=\"wp-block-group alignfull has-white-background-color has-background has-global-padding is-layout-constrained wp-block-group-is-layout-constrained\" style=\"margin-top:0;padding-top:5svh;padding-bottom:5svh\">\n<div class=\"wp-block-columns alignwide is-layout-flex wp-container-core-columns-is-layout-28f84493 wp-block-columns-is-layout-flex\">\n<div class=\"wp-block-column is-layout-flow wp-block-column-is-layout-flow\">\n<h3 class=\"wp-block-heading\">Mejora continua<\/h3>\n\n\n\n<p>Creemos en el poder de la mejora continua y estamos comprometidos con la evoluci\u00f3n y el perfeccionamiento de nuestras ofertas para satisfacer las necesidades cambiantes de la industria.<\/p>\n<\/div>\n\n\n\n<div class=\"wp-block-column is-layout-flow wp-block-column-is-layout-flow\">\n<h4 class=\"wp-block-heading\">\u00danete a nosotros<\/h4>\n\n\n\n<p>Experimenta la diferencia de Leader Mastery y lleva tu carrera al siguiente nivel. Ya seas asesor financiero, agente de seguros o gerente de agencia, nuestra plataforma est\u00e1 dise\u00f1ada para proporcionarte las herramientas y el conocimiento que necesitas para tener \u00e9xito.<\/p>\n\n\n\n<div class=\"wp-block-buttons is-layout-flex wp-block-buttons-is-layout-flex\">\n<div class=\"wp-block-button has-icon__arrow-next-alt\"><a class=\"wp-block-button__link has-light-title-color has-primary-background-color has-text-color has-background has-link-color wp-element-button\" href=\"https:\/\/www.leader-mastery.com\/es\/registro-de-usuarios\/\">Comienza ahora<span class=\"wp-block-button__link-icon\" aria-hidden=\"true\"><svg xmlns=\"http:\/\/www.w3.org\/2000\/svg\" width=\"20\" height=\"20\" viewBox=\"0 -960 960 960\"><path d=\"m560-240-56-58 142-142H160v-80h486L504-662l56-58 240 240-240 240Z\"\/><\/svg><\/span><\/a><\/div>\n<\/div>\n<\/div>\n<\/div>\n<\/div>\n","protected":false},"excerpt":{"rendered":"<p>Nuestra Historia Leader Mastery naci\u00f3 de un profundo compromiso para revolucionar la industria de seguros de vida mediante capacitaci\u00f3n avanzada y tecnolog\u00eda de vanguardia. Fundada por veteranos de la industria con d\u00e9cadas de experiencia, nuestra misi\u00f3n es capacitar a asesores financieros, agentes de seguros y gerentes de agencias con las habilidades y el conocimiento que [&hellip;]<\/p>\n","protected":false},"author":1,"featured_media":0,"parent":0,"menu_order":0,"comment_status":"closed","ping_status":"closed","template":"","meta":{"footnotes":""},"class_list":["post-2611","page","type-page","status-publish","hentry"],"_links":{"self":[{"href":"https:\/\/www.leader-mastery.com\/es\/wp-json\/wp\/v2\/pages\/2611","targetHints":{"allow":["GET"]}}],"collection":[{"href":"https:\/\/www.leader-mastery.com\/es\/wp-json\/wp\/v2\/pages"}],"about":[{"href":"https:\/\/www.leader-mastery.com\/es\/wp-json\/wp\/v2\/types\/page"}],"author":[{"embeddable":true,"href":"https:\/\/www.leader-mastery.com\/es\/wp-json\/wp\/v2\/users\/1"}],"replies":[{"embeddable":true,"href":"https:\/\/www.leader-mastery.com\/es\/wp-json\/wp\/v2\/comments?post=2611"}],"version-history":[{"count":9,"href":"https:\/\/www.leader-mastery.com\/es\/wp-json\/wp\/v2\/pages\/2611\/revisions"}],"predecessor-version":[{"id":10536,"href":"https:\/\/www.leader-mastery.com\/es\/wp-json\/wp\/v2\/pages\/2611\/revisions\/10536"}],"wp:attachment":[{"href":"https:\/\/www.leader-mastery.com\/es\/wp-json\/wp\/v2\/media?parent=2611"}],"curies":[{"name":"wp","href":"https:\/\/api.w.org\/{rel}","templated":true}]}}