{"id":2613,"date":"2024-05-24T21:18:52","date_gmt":"2024-05-24T21:18:52","guid":{"rendered":"https:\/\/www.leader-mastery.com\/terminos-de-servicio\/"},"modified":"2024-07-26T13:51:08","modified_gmt":"2024-07-26T13:51:08","slug":"terminos-de-servicio","status":"publish","type":"page","link":"https:\/\/www.leader-mastery.com\/es\/terminos-de-servicio\/","title":{"rendered":"T\u00e9rminos de Servicio"},"content":{"rendered":"\n<div class=\"wp-block-group alignfull has-dim-text-color has-dark-05-background-color has-text-color has-background has-link-color has-tiny-font-size wp-elements-41b18a453c4dabeb66440135f4020612 has-global-padding is-layout-constrained wp-container-core-group-is-layout-29965b75 wp-block-group-is-layout-constrained\" style=\"border-bottom-color:var(--wp--preset--color--dark-10);border-bottom-style:solid;border-bottom-width:1px;padding-top:var(--wp--preset--spacing--x-small);padding-right:0;padding-bottom:var(--wp--preset--spacing--x-small);padding-left:0\">\n<div class=\"wp-block-group alignwide is-layout-flow wp-block-group-is-layout-flow\">\n<div class=\"wp-block-group alignfull has-x-small-font-size is-layout-flow wp-block-group-is-layout-flow\"><nav aria-label=\"breadcrumbs\" class=\"rank-math-breadcrumb\"><p><span class=\"last\">Leader Mastery<\/span><\/p><\/nav>\n<\/div>\n<\/div>\n<\/div>\n\n<div class=\"wp-block-group alignfull has-dark-05-background-color has-background has-global-padding is-layout-constrained wp-block-group-is-layout-constrained\" style=\"border-bottom-color:var(--wp--preset--color--dark-10);border-bottom-style:solid;border-bottom-width:1px;margin-top:0;padding-top:0;padding-bottom:0\">\n<div class=\"wp-block-group alignwide is-style-border-shadow-dark has-dim-text-color has-text-color has-link-color wp-elements-8b8d4a8e3afc1578b97d57928688d2d2 has-global-padding is-layout-constrained wp-container-core-group-is-layout-631b8087 wp-block-group-is-layout-constrained\" style=\"padding-top:var(--wp--preset--spacing--normal);padding-right:var(--wp--preset--spacing--normal);padding-bottom:var(--wp--preset--spacing--normal);padding-left:var(--wp--preset--spacing--normal)\">\n<div class=\"wp-block-group alignfull is-layout-grid wp-container-core-group-is-layout-df4581a5 wp-block-group-is-layout-grid\"><h1 class=\"wp-block-post-title wp-container-content-efa8a867\">T\u00e9rminos de Servicio<\/h1>\n\n\n<div class=\"wp-block-group alignwide wp-container-content-117578d8 is-vertical is-layout-flex wp-container-core-group-is-layout-5f65a4ed wp-block-group-is-layout-flex\">\n<p><strong>Fecha de entrada en vigor<\/strong><\/p>\n\n\n\n<p class=\"has-link-color wp-elements-ce71389d9e9415e13bec7cff93062f51\">June 7th, 2024<\/p>\n<\/div>\n\n\n\n<div class=\"wp-block-group wp-container-content-69bc4bdf is-vertical is-layout-flex wp-container-core-group-is-layout-98bb686d wp-block-group-is-layout-flex\">\n<p><strong>Follow us<\/strong><\/p>\n\n\n\n<ul class=\"wp-block-social-links has-small-icon-size has-icon-color is-style-logos-only is-layout-flex wp-container-core-social-links-is-layout-5f86147d wp-block-social-links-is-layout-flex\"><li style=\"color:#0a2540;\" class=\"wp-social-link wp-social-link-x has-light-title-color wp-block-social-link\"><a rel=\"noopener nofollow\" target=\"_blank\" href=\"https:\/\/www.twitter.com\/leadermastery\" class=\"wp-block-social-link-anchor\"><svg width=\"24\" height=\"24\" viewBox=\"0 0 24 24\" version=\"1.1\" xmlns=\"http:\/\/www.w3.org\/2000\/svg\" aria-hidden=\"true\" focusable=\"false\"><path d=\"M13.982 10.622 20.54 3h-1.554l-5.693 6.618L8.745 3H3.5l6.876 10.007L3.5 21h1.554l6.012-6.989L15.868 21h5.245l-7.131-10.378Zm-2.128 2.474-.697-.997-5.543-7.93H8l4.474 6.4.697.996 5.815 8.318h-2.387l-4.745-6.787Z\" \/><\/svg><span class=\"wp-block-social-link-label screen-reader-text\">X<\/span><\/a><\/li>\n\n<li style=\"color:#0a2540;\" class=\"wp-social-link wp-social-link-linkedin has-light-title-color wp-block-social-link\"><a rel=\"noopener nofollow\" target=\"_blank\" href=\"https:\/\/www.linkedin.com\" class=\"wp-block-social-link-anchor\"><svg width=\"24\" height=\"24\" viewBox=\"0 0 24 24\" version=\"1.1\" xmlns=\"http:\/\/www.w3.org\/2000\/svg\" aria-hidden=\"true\" focusable=\"false\"><path d=\"M19.7,3H4.3C3.582,3,3,3.582,3,4.3v15.4C3,20.418,3.582,21,4.3,21h15.4c0.718,0,1.3-0.582,1.3-1.3V4.3 C21,3.582,20.418,3,19.7,3z M8.339,18.338H5.667v-8.59h2.672V18.338z M7.004,8.574c-0.857,0-1.549-0.694-1.549-1.548 c0-0.855,0.691-1.548,1.549-1.548c0.854,0,1.547,0.694,1.547,1.548C8.551,7.881,7.858,8.574,7.004,8.574z M18.339,18.338h-2.669 v-4.177c0-0.996-0.017-2.278-1.387-2.278c-1.389,0-1.601,1.086-1.601,2.206v4.249h-2.667v-8.59h2.559v1.174h0.037 c0.356-0.675,1.227-1.387,2.526-1.387c2.703,0,3.203,1.779,3.203,4.092V18.338z\"><\/path><\/svg><span class=\"wp-block-social-link-label screen-reader-text\">LinkedIn<\/span><\/a><\/li>\n\n<li style=\"color:#0a2540;\" class=\"wp-social-link wp-social-link-instagram has-light-title-color wp-block-social-link\"><a rel=\"noopener nofollow\" target=\"_blank\" href=\"https:\/\/www.instagram.com\/leadermasteryapp\" class=\"wp-block-social-link-anchor\"><svg width=\"24\" height=\"24\" viewBox=\"0 0 24 24\" version=\"1.1\" xmlns=\"http:\/\/www.w3.org\/2000\/svg\" aria-hidden=\"true\" focusable=\"false\"><path d=\"M12,4.622c2.403,0,2.688,0.009,3.637,0.052c0.877,0.04,1.354,0.187,1.671,0.31c0.42,0.163,0.72,0.358,1.035,0.673 c0.315,0.315,0.51,0.615,0.673,1.035c0.123,0.317,0.27,0.794,0.31,1.671c0.043,0.949,0.052,1.234,0.052,3.637 s-0.009,2.688-0.052,3.637c-0.04,0.877-0.187,1.354-0.31,1.671c-0.163,0.42-0.358,0.72-0.673,1.035 c-0.315,0.315-0.615,0.51-1.035,0.673c-0.317,0.123-0.794,0.27-1.671,0.31c-0.949,0.043-1.233,0.052-3.637,0.052 s-2.688-0.009-3.637-0.052c-0.877-0.04-1.354-0.187-1.671-0.31c-0.42-0.163-0.72-0.358-1.035-0.673 c-0.315-0.315-0.51-0.615-0.673-1.035c-0.123-0.317-0.27-0.794-0.31-1.671C4.631,14.688,4.622,14.403,4.622,12 s0.009-2.688,0.052-3.637c0.04-0.877,0.187-1.354,0.31-1.671c0.163-0.42,0.358-0.72,0.673-1.035 c0.315-0.315,0.615-0.51,1.035-0.673c0.317-0.123,0.794-0.27,1.671-0.31C9.312,4.631,9.597,4.622,12,4.622 M12,3 C9.556,3,9.249,3.01,8.289,3.054C7.331,3.098,6.677,3.25,6.105,3.472C5.513,3.702,5.011,4.01,4.511,4.511 c-0.5,0.5-0.808,1.002-1.038,1.594C3.25,6.677,3.098,7.331,3.054,8.289C3.01,9.249,3,9.556,3,12c0,2.444,0.01,2.751,0.054,3.711 c0.044,0.958,0.196,1.612,0.418,2.185c0.23,0.592,0.538,1.094,1.038,1.594c0.5,0.5,1.002,0.808,1.594,1.038 c0.572,0.222,1.227,0.375,2.185,0.418C9.249,20.99,9.556,21,12,21s2.751-0.01,3.711-0.054c0.958-0.044,1.612-0.196,2.185-0.418 c0.592-0.23,1.094-0.538,1.594-1.038c0.5-0.5,0.808-1.002,1.038-1.594c0.222-0.572,0.375-1.227,0.418-2.185 C20.99,14.751,21,14.444,21,12s-0.01-2.751-0.054-3.711c-0.044-0.958-0.196-1.612-0.418-2.185c-0.23-0.592-0.538-1.094-1.038-1.594 c-0.5-0.5-1.002-0.808-1.594-1.038c-0.572-0.222-1.227-0.375-2.185-0.418C14.751,3.01,14.444,3,12,3L12,3z M12,7.378 c-2.552,0-4.622,2.069-4.622,4.622S9.448,16.622,12,16.622s4.622-2.069,4.622-4.622S14.552,7.378,12,7.378z M12,15 c-1.657,0-3-1.343-3-3s1.343-3,3-3s3,1.343,3,3S13.657,15,12,15z M16.804,6.116c-0.596,0-1.08,0.484-1.08,1.08 s0.484,1.08,1.08,1.08c0.596,0,1.08-0.484,1.08-1.08S17.401,6.116,16.804,6.116z\"><\/path><\/svg><span class=\"wp-block-social-link-label screen-reader-text\">Instagram<\/span><\/a><\/li>\n\n<li style=\"color:#0a2540;\" class=\"wp-social-link wp-social-link-youtube has-light-title-color wp-block-social-link\"><a rel=\"noopener nofollow\" target=\"_blank\" href=\"https:\/\/www.youtube.com\/\" class=\"wp-block-social-link-anchor\"><svg width=\"24\" height=\"24\" viewBox=\"0 0 24 24\" version=\"1.1\" xmlns=\"http:\/\/www.w3.org\/2000\/svg\" aria-hidden=\"true\" focusable=\"false\"><path d=\"M21.8,8.001c0,0-0.195-1.378-0.795-1.985c-0.76-0.797-1.613-0.801-2.004-0.847c-2.799-0.202-6.997-0.202-6.997-0.202 h-0.009c0,0-4.198,0-6.997,0.202C4.608,5.216,3.756,5.22,2.995,6.016C2.395,6.623,2.2,8.001,2.2,8.001S2,9.62,2,11.238v1.517 c0,1.618,0.2,3.237,0.2,3.237s0.195,1.378,0.795,1.985c0.761,0.797,1.76,0.771,2.205,0.855c1.6,0.153,6.8,0.201,6.8,0.201 s4.203-0.006,7.001-0.209c0.391-0.047,1.243-0.051,2.004-0.847c0.6-0.607,0.795-1.985,0.795-1.985s0.2-1.618,0.2-3.237v-1.517 C22,9.62,21.8,8.001,21.8,8.001z M9.935,14.594l-0.001-5.62l5.404,2.82L9.935,14.594z\"><\/path><\/svg><span class=\"wp-block-social-link-label screen-reader-text\">YouTube<\/span><\/a><\/li><\/ul>\n<\/div>\n<\/div>\n<\/div>\n<\/div>\n\n<div class=\"wp-block-group alignfull has-global-padding is-layout-constrained wp-block-group-is-layout-constrained\" style=\"border-bottom-color:var(--wp--preset--color--dark-10);border-bottom-style:solid;border-bottom-width:1px;margin-top:0;padding-top:0;padding-bottom:0\">\n<div class=\"wp-block-group alignwide is-style-border-shadow-dark has-global-padding is-layout-constrained wp-block-group-is-layout-constrained\" style=\"margin-bottom:0\">\n<div class=\"wp-block-columns alignfull is-layout-flex wp-container-core-columns-is-layout-28232c24 wp-block-columns-is-layout-flex\">\n<div class=\"wp-block-column has-dark-title-background-color has-background is-layout-flow wp-block-column-is-layout-flow\" style=\"flex-basis:75%\"><figure class=\"wp-block-post-featured-image\"><img loading=\"lazy\" decoding=\"async\" width=\"1280\" height=\"720\" src=\"https:\/\/www.leader-mastery.com\/wp-content\/uploads\/placeholder-16by9.webp\" class=\"attachment-post-thumbnail size-post-thumbnail wp-post-image\" alt=\"\" style=\"object-fit:cover;\" srcset=\"https:\/\/www.leader-mastery.com\/wp-content\/uploads\/placeholder-16by9.webp 1280w, https:\/\/www.leader-mastery.com\/wp-content\/uploads\/placeholder-16by9-320x180.webp 320w, https:\/\/www.leader-mastery.com\/wp-content\/uploads\/placeholder-16by9-960x540.webp 960w, https:\/\/www.leader-mastery.com\/wp-content\/uploads\/placeholder-16by9-768x432.webp 768w\" sizes=\"auto, (max-width: 1280px) 100vw, 1280px\" \/><\/figure>\n\n\n<div class=\"wp-block-group has-global-padding is-layout-constrained wp-container-core-group-is-layout-631b8087 wp-block-group-is-layout-constrained\" style=\"padding-top:var(--wp--preset--spacing--normal);padding-right:var(--wp--preset--spacing--normal);padding-bottom:var(--wp--preset--spacing--normal);padding-left:var(--wp--preset--spacing--normal)\">\n<h2 class=\"wp-block-heading\" id=\"introduction-1\">Introducci\u00f3n<\/h2>\n\n\n\n<p>Bienvenido a Leader Mastery (\u201cnosotros\u201d, \u201cnuestro\u201d, \u201cnos\u201d). Al acceder o utilizar nuestro sitio web, aceptas estar sujeto a estos T\u00e9rminos y Condiciones (\u201cT\u00e9rminos\u201d). Si no est\u00e1s de acuerdo con estos T\u00e9rminos, por favor no utilices nuestro sitio web.  <\/p>\n\n\n\n<h2 class=\"wp-block-heading\" id=\"company-objectives\">Objetivos de la empresa<\/h2>\n\n\n\n<p>Leader Mastery tiene como objetivo desarrollar un sitio web y\/o una aplicaci\u00f3n basados en suscripci\u00f3n para equipar a los individuos dentro de la red de distribuci\u00f3n de seguros de vida con las habilidades necesarias para llevar a cabo su negocio de manera efectiva, construir su agencia y ofrecer un servicio excepcional a los clientes. Nos esforzamos por crear una estructura organizativa estandarizada para el back-office espec\u00edfica para productos y redes de distribuci\u00f3n bajo la licencia de seguros de vida, enfoc\u00e1ndonos en la implementaci\u00f3n y entrega en la nube a trav\u00e9s de un sitio web y\/o aplicaci\u00f3n. Nuestro proyecto busca implementar procedimientos simplificados, procesos de incorporaci\u00f3n automatizados y servicios estandarizados de back-office adaptados a la industria de seguros de vida, aprovechando la tecnolog\u00eda en la nube para escalabilidad, flexibilidad y accesibilidad.  <\/p>\n\n\n\n<h2 class=\"wp-block-heading\" id=\"eligibility\">Elegibilidad<\/h2>\n\n\n\n<p>Debes tener al menos 18 a\u00f1os para usar nuestro sitio web. Al utilizar nuestro sitio web, manifiestas y garantizas que cumples con este requisito de edad. <\/p>\n\n\n\n<h2 class=\"wp-block-heading\" id=\"user-data\">Datos del usuario<\/h2>\n\n\n\n<p>Podemos recopilar y compartir datos del usuario con empresas afiliadas para mejorar la experiencia del usuario. El uso de nuestro sitio web indica tu consentimiento para dicha recopilaci\u00f3n y compartici\u00f3n de datos. Para obtener m\u00e1s informaci\u00f3n, por favor consulta nuestra Pol\u00edtica de Privacidad.  <\/p>\n\n\n\n<h2 class=\"wp-block-heading\" id=\"subscriptions-and-payments\">Suscripciones y pagos<\/h2>\n\n\n\n<p>El acceso a ciertas funciones de nuestro sitio web puede requerir una suscripci\u00f3n. Al suscribirte, aceptas pagar las tarifas de suscripci\u00f3n y cualquier otro cargo asociado con tu cuenta, incluidos los impuestos aplicables. Todas las tarifas son no reembolsables a menos que se especifique lo contrario.  <\/p>\n\n\n\n<h2 class=\"wp-block-heading\" id=\"intellectual-property\">Propiedad intelectual<\/h2>\n\n\n\n<p>Todo el contenido, marcas registradas, marcas de servicio y logotipos en nuestro sitio web son propiedad de Leader Mastery o sus licenciantes y est\u00e1n protegidos por leyes de derechos de autor, marcas registradas y otras leyes de propiedad intelectual. No puedes usar, copiar, reproducir, distribuir ni crear obras derivadas de ning\u00fan contenido sin nuestra autorizaci\u00f3n escrita expresa. <\/p>\n\n\n\n<h2 class=\"wp-block-heading\" id=\"user-conduct\">Conducta del usuario<\/h2>\n\n\n\n<p>Aceptas utilizar nuestro sitio web solo para fines legales y de manera que no infrinja los derechos de otras personas ni restrinja o inhiba el uso del sitio web por parte de otros. El comportamiento prohibido incluye, pero no se limita a, acosar o causar angustia o inconvenientes a cualquier persona, transmitir contenido obsceno u ofensivo, o interrumpir el flujo normal de di\u00e1logo dentro de nuestro sitio web. <\/p>\n\n\n\n<h2 class=\"wp-block-heading\" id=\"disclaimers-and-limitation-of-liability\">Descargos de responsabilidad y limitaci\u00f3n de responsabilidad<\/h2>\n\n\n\n<p>Nuestro sitio web se proporciona en una base de &#8220;tal como est\u00e1&#8221; y &#8220;seg\u00fan disponibilidad&#8221;. No hacemos representaciones ni garant\u00edas de ning\u00fan tipo, ya sean expresas o impl\u00edcitas, en cuanto al funcionamiento de nuestro sitio web o la informaci\u00f3n, contenido, materiales o productos incluidos en nuestro sitio web. En la m\u00e1xima medida permitida por la ley aplicable, rechazamos todas las garant\u00edas, ya sean expresas o impl\u00edcitas, incluidas, pero no limitadas a, las garant\u00edas impl\u00edcitas de comerciabilidad y adecuaci\u00f3n para un prop\u00f3sito particular.  <\/p>\n\n\n\n<p>No seremos responsables de ning\u00fan da\u00f1o de ning\u00fan tipo que surja del uso de nuestro sitio web, incluidos, pero no limitados a, da\u00f1os directos, indirectos, incidentales, punitivos y consecuenciales.<\/p>\n\n\n\n<h2 class=\"wp-block-heading\" id=\"compliance-with-life-insurance-regulations\">Cumplimiento de las regulaciones de seguros de vida<\/h2>\n\n\n\n<p>Nuestros servicios cumplen con todas las regulaciones de EE.UU. aplicables y regulaciones espec\u00edficas de seguros de vida. Nos adherimos a los est\u00e1ndares de la industria y las mejores pr\u00e1cticas para garantizar la seguridad y confidencialidad de tus datos. <\/p>\n\n\n\n<h2 class=\"wp-block-heading\" id=\"governing-law\">Ley aplicable<\/h2>\n\n\n\n<p>Estos T\u00e9rminos se regir\u00e1n e interpretar\u00e1n de acuerdo con las leyes de los Estados Unidos. Cualquier disputa que surja bajo o en relaci\u00f3n con estos T\u00e9rminos estar\u00e1 sujeta a la jurisdicci\u00f3n exclusiva de los tribunales de los Estados Unidos. <\/p>\n\n\n\n<h2 class=\"wp-block-heading\" id=\"changes-to-these-terms\">Cambios en estos T\u00e9rminos<\/h2>\n\n\n\n<p>Nos reservamos el derecho de modificar estos T\u00e9rminos en cualquier momento. Tu uso continuo de nuestro sitio web tras cualquier cambio constituye tu aceptaci\u00f3n de los nuevos T\u00e9rminos. <\/p>\n\n\n\n<h2 class=\"wp-block-heading\" id=\"contact-us-1\">Cont\u00e1ctanos<\/h2>\n\n\n\n<p>Si tienes alguna pregunta sobre estos T\u00e9rminos, por favor cont\u00e1ctanos en <a href=\"mailto:info@leader-mastery.com\">info@leader-mastery.com<\/a><\/p>\n<\/div>\n<\/div>\n\n\n\n<div class=\"wp-block-column has-dark-05-background-color has-background is-layout-flow wp-block-column-is-layout-flow\" style=\"border-left-color:var(--wp--preset--color--dark-10);border-left-style:dashed;border-left-width:1px;flex-basis:25%\">\n<div class=\"wp-block-group has-global-padding is-layout-constrained wp-container-core-group-is-layout-631b8087 wp-block-group-is-layout-constrained wp-container-1 is-position-sticky\" style=\"padding-top:var(--wp--preset--spacing--normal);padding-right:var(--wp--preset--spacing--normal);padding-bottom:var(--wp--preset--spacing--normal);padding-left:var(--wp--preset--spacing--normal)\">\n<p><strong>Contenido de la p\u00e1gina<\/strong><\/p>\n\n\n\n<nav class=\"wp-block-table-of-contents\"><ol><li><a class=\"wp-block-table-of-contents__entry\" href=\"https:\/\/www.leader-mastery.com\/es\/terminos-de-servicio\/#introduction-1\">Introducci\u00f3n<\/a><\/li><li><a class=\"wp-block-table-of-contents__entry\" href=\"https:\/\/www.leader-mastery.com\/es\/terminos-de-servicio\/#company-objectives\">Objetivos de la empresa<\/a><\/li><li><a class=\"wp-block-table-of-contents__entry\" href=\"https:\/\/www.leader-mastery.com\/es\/terminos-de-servicio\/#eligibility\">Elegibilidad<\/a><\/li><li><a class=\"wp-block-table-of-contents__entry\" href=\"https:\/\/www.leader-mastery.com\/es\/terminos-de-servicio\/#user-data\">Datos del usuario<\/a><\/li><li><a class=\"wp-block-table-of-contents__entry\" href=\"https:\/\/www.leader-mastery.com\/es\/terminos-de-servicio\/#subscriptions-and-payments\">Suscripciones y pagos<\/a><\/li><li><a class=\"wp-block-table-of-contents__entry\" href=\"https:\/\/www.leader-mastery.com\/es\/terminos-de-servicio\/#intellectual-property\">Propiedad intelectual<\/a><\/li><li><a class=\"wp-block-table-of-contents__entry\" href=\"https:\/\/www.leader-mastery.com\/es\/terminos-de-servicio\/#user-conduct\">Conducta del usuario<\/a><\/li><li><a class=\"wp-block-table-of-contents__entry\" href=\"https:\/\/www.leader-mastery.com\/es\/terminos-de-servicio\/#disclaimers-and-limitation-of-liability\">Descargos de responsabilidad y limitaci\u00f3n de responsabilidad<\/a><\/li><li><a class=\"wp-block-table-of-contents__entry\" href=\"https:\/\/www.leader-mastery.com\/es\/terminos-de-servicio\/#compliance-with-life-insurance-regulations\">Cumplimiento de las regulaciones de seguros de vida<\/a><\/li><li><a class=\"wp-block-table-of-contents__entry\" href=\"https:\/\/www.leader-mastery.com\/es\/terminos-de-servicio\/#governing-law\">Ley aplicable<\/a><\/li><li><a class=\"wp-block-table-of-contents__entry\" href=\"https:\/\/www.leader-mastery.com\/es\/terminos-de-servicio\/#changes-to-these-terms\">Cambios en estos T\u00e9rminos<\/a><\/li><li><a class=\"wp-block-table-of-contents__entry\" href=\"https:\/\/www.leader-mastery.com\/es\/terminos-de-servicio\/#contact-us-1\">Cont\u00e1ctanos<\/a><\/li><\/ol><\/nav>\n<\/div>\n<\/div>\n<\/div>\n<\/div>\n<\/div>\n","protected":false},"excerpt":{"rendered":"<p>Fecha de entrada en vigor June 7th, 2024 Introducci\u00f3n Bienvenido a Leader Mastery (\u201cnosotros\u201d, \u201cnuestro\u201d, \u201cnos\u201d). Al acceder o utilizar nuestro sitio web, aceptas estar sujeto a estos T\u00e9rminos y Condiciones (\u201cT\u00e9rminos\u201d). Si no est\u00e1s de acuerdo con estos T\u00e9rminos, por favor no utilices nuestro sitio web. Objetivos de la empresa Leader Mastery tiene como [&hellip;]<\/p>\n","protected":false},"author":1,"featured_media":1247,"parent":0,"menu_order":0,"comment_status":"closed","ping_status":"closed","template":"","meta":{"footnotes":""},"class_list":["post-2613","page","type-page","status-publish","has-post-thumbnail","hentry"],"_links":{"self":[{"href":"https:\/\/www.leader-mastery.com\/es\/wp-json\/wp\/v2\/pages\/2613","targetHints":{"allow":["GET"]}}],"collection":[{"href":"https:\/\/www.leader-mastery.com\/es\/wp-json\/wp\/v2\/pages"}],"about":[{"href":"https:\/\/www.leader-mastery.com\/es\/wp-json\/wp\/v2\/types\/page"}],"author":[{"embeddable":true,"href":"https:\/\/www.leader-mastery.com\/es\/wp-json\/wp\/v2\/users\/1"}],"replies":[{"embeddable":true,"href":"https:\/\/www.leader-mastery.com\/es\/wp-json\/wp\/v2\/comments?post=2613"}],"version-history":[{"count":2,"href":"https:\/\/www.leader-mastery.com\/es\/wp-json\/wp\/v2\/pages\/2613\/revisions"}],"predecessor-version":[{"id":2717,"href":"https:\/\/www.leader-mastery.com\/es\/wp-json\/wp\/v2\/pages\/2613\/revisions\/2717"}],"wp:featuredmedia":[{"embeddable":true,"href":"https:\/\/www.leader-mastery.com\/es\/wp-json\/wp\/v2\/media\/1247"}],"wp:attachment":[{"href":"https:\/\/www.leader-mastery.com\/es\/wp-json\/wp\/v2\/media?parent=2613"}],"curies":[{"name":"wp","href":"https:\/\/api.w.org\/{rel}","templated":true}]}}