{"id":2721,"date":"2024-06-12T13:08:27","date_gmt":"2024-06-12T13:08:27","guid":{"rendered":"https:\/\/www.leader-mastery.com\/politica-de-cookies\/"},"modified":"2024-07-26T00:55:29","modified_gmt":"2024-07-26T00:55:29","slug":"politica-de-cookies","status":"publish","type":"page","link":"https:\/\/www.leader-mastery.com\/es\/politica-de-cookies\/","title":{"rendered":"Pol\u00edtica de Cookies"},"content":{"rendered":"\n<div class=\"wp-block-group alignfull has-dim-text-color has-dark-05-background-color has-text-color has-background has-link-color wp-elements-990aa8f0947b72062d8cefbf3369d65c has-global-padding is-layout-constrained wp-container-core-group-is-layout-29965b75 wp-block-group-is-layout-constrained\" style=\"border-bottom-color:var(--wp--preset--color--dark-10);border-bottom-style:solid;border-bottom-width:1px;padding-top:var(--wp--preset--spacing--x-small);padding-right:0;padding-bottom:var(--wp--preset--spacing--x-small);padding-left:0\">\n<div class=\"wp-block-group alignwide is-layout-flow wp-block-group-is-layout-flow\">\n<div class=\"wp-block-group alignfull has-x-small-font-size is-layout-flow wp-block-group-is-layout-flow\"><nav aria-label=\"breadcrumbs\" class=\"rank-math-breadcrumb\"><p><span class=\"last\">Leader Mastery<\/span><\/p><\/nav>\n<\/div>\n<\/div>\n<\/div>\n\n<div class=\"wp-block-group alignfull has-dark-05-background-color has-background has-global-padding is-layout-constrained wp-block-group-is-layout-constrained\" style=\"border-bottom-color:var(--wp--preset--color--dark-10);border-bottom-style:solid;border-bottom-width:1px;margin-top:0;padding-top:0;padding-bottom:0\">\n<div class=\"wp-block-group alignwide is-style-border-shadow-dark has-dim-text-color has-text-color has-link-color wp-elements-284428f47dc4859da6af23c448546b14 has-global-padding is-layout-constrained wp-container-core-group-is-layout-0debefae wp-block-group-is-layout-constrained\" style=\"padding-top:var(--wp--preset--spacing--normal);padding-right:var(--wp--preset--spacing--normal);padding-bottom:var(--wp--preset--spacing--normal);padding-left:var(--wp--preset--spacing--normal)\">\n<div class=\"wp-block-group alignfull is-layout-grid wp-container-core-group-is-layout-df4581a5 wp-block-group-is-layout-grid\"><h1 class=\"wp-block-post-title wp-container-content-efa8a867\">Pol\u00edtica de Cookies<\/h1>\n\n\n<div class=\"wp-block-group alignwide wp-container-content-117578d8 is-vertical is-layout-flex wp-container-core-group-is-layout-5f65a4ed wp-block-group-is-layout-flex\">\n<p><strong>Fecha de entrada en vigor<\/strong><\/p>\n\n\n\n<p class=\"has-link-color wp-elements-b78507f277458295a29862bce1f741cf\">June 6th, 2024<\/p>\n<\/div>\n\n\n\n<div class=\"wp-block-group wp-container-content-69bc4bdf is-vertical is-layout-flex wp-container-core-group-is-layout-98bb686d wp-block-group-is-layout-flex\">\n<p><strong>Follow us<\/strong><\/p>\n\n\n\n<ul class=\"wp-block-social-links has-small-icon-size has-icon-color is-style-logos-only is-layout-flex wp-container-core-social-links-is-layout-5f86147d wp-block-social-links-is-layout-flex\"><li style=\"color:#0a2540;\" class=\"wp-social-link wp-social-link-x has-light-title-color wp-block-social-link\"><a rel=\"noopener nofollow\" target=\"_blank\" href=\"https:\/\/www.twitter.com\/leadermastery\" class=\"wp-block-social-link-anchor\"><svg width=\"24\" height=\"24\" viewBox=\"0 0 24 24\" version=\"1.1\" xmlns=\"http:\/\/www.w3.org\/2000\/svg\" aria-hidden=\"true\" focusable=\"false\"><path d=\"M13.982 10.622 20.54 3h-1.554l-5.693 6.618L8.745 3H3.5l6.876 10.007L3.5 21h1.554l6.012-6.989L15.868 21h5.245l-7.131-10.378Zm-2.128 2.474-.697-.997-5.543-7.93H8l4.474 6.4.697.996 5.815 8.318h-2.387l-4.745-6.787Z\" \/><\/svg><span class=\"wp-block-social-link-label screen-reader-text\">X<\/span><\/a><\/li>\n\n<li style=\"color:#0a2540;\" class=\"wp-social-link wp-social-link-linkedin has-light-title-color wp-block-social-link\"><a rel=\"noopener nofollow\" target=\"_blank\" href=\"https:\/\/www.linkedin.com\" class=\"wp-block-social-link-anchor\"><svg width=\"24\" height=\"24\" viewBox=\"0 0 24 24\" version=\"1.1\" xmlns=\"http:\/\/www.w3.org\/2000\/svg\" aria-hidden=\"true\" focusable=\"false\"><path d=\"M19.7,3H4.3C3.582,3,3,3.582,3,4.3v15.4C3,20.418,3.582,21,4.3,21h15.4c0.718,0,1.3-0.582,1.3-1.3V4.3 C21,3.582,20.418,3,19.7,3z M8.339,18.338H5.667v-8.59h2.672V18.338z M7.004,8.574c-0.857,0-1.549-0.694-1.549-1.548 c0-0.855,0.691-1.548,1.549-1.548c0.854,0,1.547,0.694,1.547,1.548C8.551,7.881,7.858,8.574,7.004,8.574z M18.339,18.338h-2.669 v-4.177c0-0.996-0.017-2.278-1.387-2.278c-1.389,0-1.601,1.086-1.601,2.206v4.249h-2.667v-8.59h2.559v1.174h0.037 c0.356-0.675,1.227-1.387,2.526-1.387c2.703,0,3.203,1.779,3.203,4.092V18.338z\"><\/path><\/svg><span class=\"wp-block-social-link-label screen-reader-text\">LinkedIn<\/span><\/a><\/li>\n\n<li style=\"color:#0a2540;\" class=\"wp-social-link wp-social-link-instagram has-light-title-color wp-block-social-link\"><a rel=\"noopener nofollow\" target=\"_blank\" href=\"https:\/\/www.instagram.com\/leadermasteryapp\" class=\"wp-block-social-link-anchor\"><svg width=\"24\" height=\"24\" viewBox=\"0 0 24 24\" version=\"1.1\" xmlns=\"http:\/\/www.w3.org\/2000\/svg\" aria-hidden=\"true\" focusable=\"false\"><path d=\"M12,4.622c2.403,0,2.688,0.009,3.637,0.052c0.877,0.04,1.354,0.187,1.671,0.31c0.42,0.163,0.72,0.358,1.035,0.673 c0.315,0.315,0.51,0.615,0.673,1.035c0.123,0.317,0.27,0.794,0.31,1.671c0.043,0.949,0.052,1.234,0.052,3.637 s-0.009,2.688-0.052,3.637c-0.04,0.877-0.187,1.354-0.31,1.671c-0.163,0.42-0.358,0.72-0.673,1.035 c-0.315,0.315-0.615,0.51-1.035,0.673c-0.317,0.123-0.794,0.27-1.671,0.31c-0.949,0.043-1.233,0.052-3.637,0.052 s-2.688-0.009-3.637-0.052c-0.877-0.04-1.354-0.187-1.671-0.31c-0.42-0.163-0.72-0.358-1.035-0.673 c-0.315-0.315-0.51-0.615-0.673-1.035c-0.123-0.317-0.27-0.794-0.31-1.671C4.631,14.688,4.622,14.403,4.622,12 s0.009-2.688,0.052-3.637c0.04-0.877,0.187-1.354,0.31-1.671c0.163-0.42,0.358-0.72,0.673-1.035 c0.315-0.315,0.615-0.51,1.035-0.673c0.317-0.123,0.794-0.27,1.671-0.31C9.312,4.631,9.597,4.622,12,4.622 M12,3 C9.556,3,9.249,3.01,8.289,3.054C7.331,3.098,6.677,3.25,6.105,3.472C5.513,3.702,5.011,4.01,4.511,4.511 c-0.5,0.5-0.808,1.002-1.038,1.594C3.25,6.677,3.098,7.331,3.054,8.289C3.01,9.249,3,9.556,3,12c0,2.444,0.01,2.751,0.054,3.711 c0.044,0.958,0.196,1.612,0.418,2.185c0.23,0.592,0.538,1.094,1.038,1.594c0.5,0.5,1.002,0.808,1.594,1.038 c0.572,0.222,1.227,0.375,2.185,0.418C9.249,20.99,9.556,21,12,21s2.751-0.01,3.711-0.054c0.958-0.044,1.612-0.196,2.185-0.418 c0.592-0.23,1.094-0.538,1.594-1.038c0.5-0.5,0.808-1.002,1.038-1.594c0.222-0.572,0.375-1.227,0.418-2.185 C20.99,14.751,21,14.444,21,12s-0.01-2.751-0.054-3.711c-0.044-0.958-0.196-1.612-0.418-2.185c-0.23-0.592-0.538-1.094-1.038-1.594 c-0.5-0.5-1.002-0.808-1.594-1.038c-0.572-0.222-1.227-0.375-2.185-0.418C14.751,3.01,14.444,3,12,3L12,3z M12,7.378 c-2.552,0-4.622,2.069-4.622,4.622S9.448,16.622,12,16.622s4.622-2.069,4.622-4.622S14.552,7.378,12,7.378z M12,15 c-1.657,0-3-1.343-3-3s1.343-3,3-3s3,1.343,3,3S13.657,15,12,15z M16.804,6.116c-0.596,0-1.08,0.484-1.08,1.08 s0.484,1.08,1.08,1.08c0.596,0,1.08-0.484,1.08-1.08S17.401,6.116,16.804,6.116z\"><\/path><\/svg><span class=\"wp-block-social-link-label screen-reader-text\">Instagram<\/span><\/a><\/li>\n\n<li style=\"color:#0a2540;\" class=\"wp-social-link wp-social-link-youtube has-light-title-color wp-block-social-link\"><a rel=\"noopener nofollow\" target=\"_blank\" href=\"https:\/\/www.youtube.com\/\" class=\"wp-block-social-link-anchor\"><svg width=\"24\" height=\"24\" viewBox=\"0 0 24 24\" version=\"1.1\" xmlns=\"http:\/\/www.w3.org\/2000\/svg\" aria-hidden=\"true\" focusable=\"false\"><path d=\"M21.8,8.001c0,0-0.195-1.378-0.795-1.985c-0.76-0.797-1.613-0.801-2.004-0.847c-2.799-0.202-6.997-0.202-6.997-0.202 h-0.009c0,0-4.198,0-6.997,0.202C4.608,5.216,3.756,5.22,2.995,6.016C2.395,6.623,2.2,8.001,2.2,8.001S2,9.62,2,11.238v1.517 c0,1.618,0.2,3.237,0.2,3.237s0.195,1.378,0.795,1.985c0.761,0.797,1.76,0.771,2.205,0.855c1.6,0.153,6.8,0.201,6.8,0.201 s4.203-0.006,7.001-0.209c0.391-0.047,1.243-0.051,2.004-0.847c0.6-0.607,0.795-1.985,0.795-1.985s0.2-1.618,0.2-3.237v-1.517 C22,9.62,21.8,8.001,21.8,8.001z M9.935,14.594l-0.001-5.62l5.404,2.82L9.935,14.594z\"><\/path><\/svg><span class=\"wp-block-social-link-label screen-reader-text\">YouTube<\/span><\/a><\/li><\/ul>\n<\/div>\n<\/div>\n<\/div>\n<\/div>\n\n<div class=\"wp-block-group alignfull has-global-padding is-layout-constrained wp-block-group-is-layout-constrained\" style=\"border-bottom-color:var(--wp--preset--color--dark-10);border-bottom-style:solid;border-bottom-width:1px;margin-top:0;padding-top:0;padding-bottom:0\">\n<div class=\"wp-block-group alignwide is-style-border-shadow-dark has-global-padding is-layout-constrained wp-block-group-is-layout-constrained\" style=\"margin-bottom:0\">\n<div class=\"wp-block-columns alignfull is-layout-flex wp-container-core-columns-is-layout-28232c24 wp-block-columns-is-layout-flex\">\n<div class=\"wp-block-column has-dark-title-background-color has-background is-layout-flow wp-block-column-is-layout-flow\" style=\"flex-basis:75%\"><figure class=\"wp-block-post-featured-image\"><img loading=\"lazy\" decoding=\"async\" width=\"1280\" height=\"720\" src=\"https:\/\/www.leader-mastery.com\/wp-content\/uploads\/placeholder-16by9.webp\" class=\"attachment-post-thumbnail size-post-thumbnail wp-post-image\" alt=\"\" style=\"object-fit:cover;\" srcset=\"https:\/\/www.leader-mastery.com\/wp-content\/uploads\/placeholder-16by9.webp 1280w, https:\/\/www.leader-mastery.com\/wp-content\/uploads\/placeholder-16by9-320x180.webp 320w, https:\/\/www.leader-mastery.com\/wp-content\/uploads\/placeholder-16by9-960x540.webp 960w, https:\/\/www.leader-mastery.com\/wp-content\/uploads\/placeholder-16by9-768x432.webp 768w\" sizes=\"auto, (max-width: 1280px) 100vw, 1280px\" \/><\/figure>\n\n\n<div class=\"wp-block-group has-global-padding is-layout-constrained wp-container-core-group-is-layout-631b8087 wp-block-group-is-layout-constrained\" style=\"padding-top:var(--wp--preset--spacing--normal);padding-right:var(--wp--preset--spacing--normal);padding-bottom:var(--wp--preset--spacing--normal);padding-left:var(--wp--preset--spacing--normal)\">\n<h2 class=\"wp-block-heading\" id=\"introduction\">Introducci\u00f3n<\/h2>\n\n\n\n<p>Leader Mastery (&#8220;nosotros&#8221;, &#8220;nuestro&#8221;, &#8220;nos&#8221;) utiliza cookies y tecnolog\u00edas similares para mejorar tu experiencia en nuestra Plataforma. Esta Pol\u00edtica de Cookies explica qu\u00e9 son las cookies, c\u00f3mo las usamos y tus opciones con respecto a las cookies. Al usar nuestra Plataforma, aceptas el uso de cookies de acuerdo con esta pol\u00edtica.  <\/p>\n\n\n\n<h2 class=\"wp-block-heading\" id=\"what-are-cookies\">\u00bfQu\u00e9 son las Cookies?<\/h2>\n\n\n\n<p>Las cookies son peque\u00f1os archivos de texto que los sitios web que visitas colocan en tu dispositivo. Se usan ampliamente para que los sitios web funcionen, o funcionen de manera m\u00e1s eficiente, as\u00ed como para proporcionar informaci\u00f3n a los propietarios del sitio web. Las cookies pueden ser &#8220;persistentes&#8221; o &#8220;de sesi\u00f3n&#8221;.  <\/p>\n\n\n\n<h2 class=\"wp-block-heading\" id=\"how-we-use-cookies\">\u00bfC\u00f3mo Usamos las Cookies?<\/h2>\n\n\n\n<p>Usamos cookies para diversos fines, incluyendo:<\/p>\n\n\n\n<ul class=\"wp-block-list\">\n<li><strong>Cookies Esenciales<\/strong>: Estas cookies son necesarias para el funcionamiento de nuestro sitio web. Te permiten navegar por nuestro sitio y utilizar sus funciones. <\/li>\n\n\n\n<li><strong>Cookies de Rendimiento<\/strong>: Estas cookies recopilan informaci\u00f3n sobre c\u00f3mo utilizas nuestro sitio web, como qu\u00e9 p\u00e1ginas visitas con m\u00e1s frecuencia. Esta informaci\u00f3n se usa para mejorar la funcionalidad de nuestro sitio web. <\/li>\n\n\n\n<li><strong>Cookies de Funcionalidad<\/strong>: Estas cookies permiten que nuestro sitio web recuerde las elecciones que haces (como tu nombre de usuario, idioma o la regi\u00f3n en la que te encuentras) y ofrecen caracter\u00edsticas mejoradas y m\u00e1s personalizadas.<\/li>\n\n\n\n<li><strong>Cookies de Orientaci\u00f3n<\/strong>: Estas cookies registran tu visita a nuestro sitio web, las p\u00e1ginas que has visitado y los enlaces que has seguido. Usamos esta informaci\u00f3n para hacer que nuestro sitio web y la publicidad mostrada en \u00e9l sean m\u00e1s relevantes para tus intereses. <\/li>\n<\/ul>\n\n\n\n<h2 class=\"wp-block-heading\" id=\"third-party-cookies\">Cookies de Terceros<\/h2>\n\n\n\n<p>Tambi\u00e9n podemos usar cookies de terceros para ayudarnos a mejorar nuestro sitio web y ofrecer publicidad dirigida. Estas cookies son colocadas por terceros en nuestro nombre y nos permiten entender c\u00f3mo interact\u00faan los visitantes con nuestro sitio web. <\/p>\n\n\n\n<h2 class=\"wp-block-heading\" id=\"examples-of-third-party-services-we-use-that-may-set-cookies-include\">Ejemplos de servicios de terceros que utilizamos y que pueden establecer cookies incluyen:<\/h2>\n\n\n\n<ul class=\"wp-block-list\">\n<li>Google Analytics<\/li>\n\n\n\n<li>Facebook Pixel<\/li>\n\n\n\n<li>LinkedIn Insights<\/li>\n<\/ul>\n\n\n\n<h2 class=\"wp-block-heading\" id=\"your-choices-regarding-cookies\">Tus Opciones Respecto a las Cookies<\/h2>\n\n\n\n<p>Tienes el derecho de decidir si aceptas o rechazas las cookies. Puedes configurar tu navegador web para que rechace las cookies o te avise cuando se env\u00eden cookies. Sin embargo, si decides desactivar las cookies, algunas partes de nuestro sitio web pueden no funcionar correctamente.  <\/p>\n\n\n\n<h2 class=\"wp-block-heading\" id=\"how-to-manage-cookies\">C\u00f3mo Gestionar las Cookies<\/h2>\n\n\n\n<p>La mayor\u00eda de los navegadores web te permiten controlar las cookies a trav\u00e9s de sus preferencias de configuraci\u00f3n. Consulta la ayuda de tu navegador web para gestionar las cookies. Algunos navegadores populares son:  <\/p>\n\n\n\n<ul class=\"wp-block-list\">\n<li><a>Google Chrome<\/a><\/li>\n\n\n\n<li><a href=\"https:\/\/support.mozilla.org\/en-US\/kb\/enable-and-disable-cookies-website-preferences\" rel=\"nofollow noopener\" target=\"_blank\"><\/a><a href=\"https:\/\/support.mozilla.org\/en-US\/kb\/enable-and-disable-cookies-website-preferences\" rel=\"nofollow noopener\" target=\"_blank\">Mozilla Firefox<\/a><\/li>\n\n\n\n<li><a href=\"https:\/\/support.apple.com\/guide\/safari\/manage-cookies-and-website-data-sfri11471\/mac\" rel=\"nofollow noopener\" target=\"_blank\"><\/a><a href=\"https:\/\/support.apple.com\/guide\/safari\/manage-cookies-and-website-data-sfri11471\/mac\" rel=\"nofollow noopener\" target=\"_blank\">Safari<\/a><\/li>\n\n\n\n<li><a href=\"https:\/\/support.microsoft.com\/en-us\/microsoft-edge\/delete-cookies-in-microsoft-edge-63947406-40ac-c3b8-57b9-2a946a29ae09\" rel=\"nofollow noopener\" target=\"_blank\"><\/a><a href=\"https:\/\/support.microsoft.com\/en-us\/microsoft-edge\/delete-cookies-in-microsoft-edge-63947406-40ac-c3b8-57b9-2a946a29ae09\" rel=\"nofollow noopener\" target=\"_blank\">Microsoft Edge<\/a><\/li>\n<\/ul>\n\n\n\n<h2 class=\"wp-block-heading\" id=\"do-not-track\">No Rastrear<\/h2>\n\n\n\n<p>Nuestro sitio web no responde a las se\u00f1ales de No Rastrear. Sin embargo, algunos sitios web de terceros s\u00ed rastrean tus actividades de navegaci\u00f3n. Si visitas dichos sitios web, puedes configurar tus preferencias en tu navegador para informar a los sitios web que no deseas ser rastreado.  <\/p>\n\n\n\n<h2 class=\"wp-block-heading\" id=\"changes-to-this-cookies-policy\">Cambios en Esta Pol\u00edtica de Cookies<\/h2>\n\n\n\n<p>Podemos actualizar nuestra Pol\u00edtica de Cookies de vez en cuando. Te notificaremos sobre cualquier cambio publicando la nueva Pol\u00edtica de Cookies en esta p\u00e1gina. Te aconsejamos revisar esta Pol\u00edtica de Cookies peri\u00f3dicamente para estar al tanto de cualquier cambio. Los cambios en esta Pol\u00edtica de Cookies entrar\u00e1n en vigor cuando se publiquen en esta p\u00e1gina.   <\/p>\n\n\n\n<h2 class=\"wp-block-heading\" id=\"contact-us\">Cont\u00e1ctanos<\/h2>\n\n\n\n<p>Si tienes alguna pregunta o sugerencia sobre nuestra Pol\u00edtica de Cookies, por favor cont\u00e1ctanos en:<\/p>\n\n\n\n<p>i n f o @ l e a d e r &#8211; m a s t e r y . c o m <\/p>\n<\/div>\n<\/div>\n\n\n\n<div class=\"wp-block-column has-dark-05-background-color has-background is-layout-flow wp-block-column-is-layout-flow\" style=\"border-left-color:var(--wp--preset--color--dark-10);border-left-style:dashed;border-left-width:1px;flex-basis:25%\">\n<div class=\"wp-block-group has-global-padding is-layout-constrained wp-container-core-group-is-layout-631b8087 wp-block-group-is-layout-constrained wp-container-1 is-position-sticky\" style=\"padding-top:var(--wp--preset--spacing--normal);padding-right:var(--wp--preset--spacing--normal);padding-bottom:var(--wp--preset--spacing--normal);padding-left:var(--wp--preset--spacing--normal)\">\n<p><strong>Contenido de la p\u00e1gina<\/strong><\/p>\n\n\n\n<nav class=\"wp-block-table-of-contents\"><ol><li><a class=\"wp-block-table-of-contents__entry\" href=\"https:\/\/www.leader-mastery.com\/es\/politica-de-cookies\/#introduction\">Introducci\u00f3n<\/a><\/li><li><a class=\"wp-block-table-of-contents__entry\" href=\"https:\/\/www.leader-mastery.com\/es\/politica-de-cookies\/#what-are-cookies\">\u00bf<a href=\"https:\/\/www.leader-mastery.com\/es\/politica-de-cookies\/#what-are-cookies\">Qu\u00e9 son las Cookies<\/a>?<\/a><\/li><li><a class=\"wp-block-table-of-contents__entry\" href=\"https:\/\/www.leader-mastery.com\/es\/politica-de-cookies\/#how-we-use-cookies\"><a href=\"https:\/\/www.leader-mastery.com\/es\/politica-de-cookies\/#how-we-use-cookies\">C\u00f3mo Usamos las Cookies<\/a><\/a><\/li><li><a class=\"wp-block-table-of-contents__entry\" href=\"https:\/\/www.leader-mastery.com\/es\/politica-de-cookies\/#third-party-cookies\"><a href=\"https:\/\/www.leader-mastery.com\/es\/politica-de-cookies\/#third-party-cookies\">Cookies de Terceros<\/a><\/a><\/li><li><a class=\"wp-block-table-of-contents__entry\" href=\"https:\/\/www.leader-mastery.com\/es\/politica-de-cookies\/#examples-of-third-party-services-we-use-that-may-set-cookies-include\"><a href=\"https:\/\/www.leader-mastery.com\/es\/politica-de-cookies\/#examples-of-third-party-services-we-use-that-may-set-cookies-include\">Ejemplos de servicios de terceros que utilizamos y que pueden establecer cookies incluyen:<\/a><\/a><\/li><li><a class=\"wp-block-table-of-contents__entry\" href=\"https:\/\/www.leader-mastery.com\/es\/politica-de-cookies\/#your-choices-regarding-cookies\"><a href=\"https:\/\/www.leader-mastery.com\/es\/politica-de-cookies\/#your-choices-regarding-cookies\">Tus Opciones Respecto a las Cookies<\/a><\/a><\/li><li><a class=\"wp-block-table-of-contents__entry\" href=\"https:\/\/www.leader-mastery.com\/es\/politica-de-cookies\/#how-to-manage-cookies\"><a href=\"https:\/\/www.leader-mastery.com\/es\/politica-de-cookies\/#how-to-manage-cookies\">C\u00f3mo Gestionar las Cookies<\/a><\/a><\/li><li><a class=\"wp-block-table-of-contents__entry\" href=\"https:\/\/www.leader-mastery.com\/es\/politica-de-cookies\/#do-not-track\"><a href=\"https:\/\/www.leader-mastery.com\/es\/politica-de-cookies\/#do-not-track\">No rastrear<\/a><\/a><\/li><li><a class=\"wp-block-table-of-contents__entry\" href=\"https:\/\/www.leader-mastery.com\/es\/politica-de-cookies\/#changes-to-this-cookies-policy\"><a href=\"https:\/\/www.leader-mastery.com\/es\/politica-de-cookies\/#changes-to-this-cookies-policy\">Cambios en Esta Pol\u00edtica de Cookies<\/a><\/a><\/li><li><a class=\"wp-block-table-of-contents__entry\" href=\"https:\/\/www.leader-mastery.com\/es\/politica-de-cookies\/#contact-us\">Cont\u00e1ctanos<\/a><\/li><\/ol><\/nav>\n<\/div>\n<\/div>\n<\/div>\n<\/div>\n<\/div>\n","protected":false},"excerpt":{"rendered":"<p>Fecha de entrada en vigor June 6th, 2024 Introducci\u00f3n Leader Mastery (&#8220;nosotros&#8221;, &#8220;nuestro&#8221;, &#8220;nos&#8221;) utiliza cookies y tecnolog\u00edas similares para mejorar tu experiencia en nuestra Plataforma. Esta Pol\u00edtica de Cookies explica qu\u00e9 son las cookies, c\u00f3mo las usamos y tus opciones con respecto a las cookies. Al usar nuestra Plataforma, aceptas el uso de cookies [&hellip;]<\/p>\n","protected":false},"author":2,"featured_media":1247,"parent":0,"menu_order":0,"comment_status":"closed","ping_status":"closed","template":"","meta":{"footnotes":""},"class_list":["post-2721","page","type-page","status-publish","has-post-thumbnail","hentry"],"_links":{"self":[{"href":"https:\/\/www.leader-mastery.com\/es\/wp-json\/wp\/v2\/pages\/2721","targetHints":{"allow":["GET"]}}],"collection":[{"href":"https:\/\/www.leader-mastery.com\/es\/wp-json\/wp\/v2\/pages"}],"about":[{"href":"https:\/\/www.leader-mastery.com\/es\/wp-json\/wp\/v2\/types\/page"}],"author":[{"embeddable":true,"href":"https:\/\/www.leader-mastery.com\/es\/wp-json\/wp\/v2\/users\/2"}],"replies":[{"embeddable":true,"href":"https:\/\/www.leader-mastery.com\/es\/wp-json\/wp\/v2\/comments?post=2721"}],"version-history":[{"count":1,"href":"https:\/\/www.leader-mastery.com\/es\/wp-json\/wp\/v2\/pages\/2721\/revisions"}],"predecessor-version":[{"id":2722,"href":"https:\/\/www.leader-mastery.com\/es\/wp-json\/wp\/v2\/pages\/2721\/revisions\/2722"}],"wp:featuredmedia":[{"embeddable":true,"href":"https:\/\/www.leader-mastery.com\/es\/wp-json\/wp\/v2\/media\/1247"}],"wp:attachment":[{"href":"https:\/\/www.leader-mastery.com\/es\/wp-json\/wp\/v2\/media?parent=2721"}],"curies":[{"name":"wp","href":"https:\/\/api.w.org\/{rel}","templated":true}]}}