{"id":2730,"date":"2024-05-09T21:18:29","date_gmt":"2024-05-09T21:18:29","guid":{"rendered":"https:\/\/www.leader-mastery.com\/politica-de-privacidad\/"},"modified":"2024-07-26T17:45:11","modified_gmt":"2024-07-26T17:45:11","slug":"politica-de-privacidad","status":"publish","type":"page","link":"https:\/\/www.leader-mastery.com\/es\/politica-de-privacidad\/","title":{"rendered":"Pol\u00edtica de privacidad."},"content":{"rendered":"\n<div class=\"wp-block-group alignfull has-dim-text-color has-dark-05-background-color has-text-color has-background has-link-color wp-elements-990aa8f0947b72062d8cefbf3369d65c has-global-padding is-layout-constrained wp-container-core-group-is-layout-29965b75 wp-block-group-is-layout-constrained\" style=\"border-bottom-color:var(--wp--preset--color--dark-10);border-bottom-style:solid;border-bottom-width:1px;padding-top:var(--wp--preset--spacing--x-small);padding-right:0;padding-bottom:var(--wp--preset--spacing--x-small);padding-left:0\">\n<div class=\"wp-block-group alignwide is-layout-flow wp-block-group-is-layout-flow\">\n<div class=\"wp-block-group alignfull has-x-small-font-size is-layout-flow wp-block-group-is-layout-flow\"><nav aria-label=\"breadcrumbs\" class=\"rank-math-breadcrumb\"><p><span class=\"last\">Leader Mastery<\/span><\/p><\/nav>\n<\/div>\n<\/div>\n<\/div>\n\n<div class=\"wp-block-group alignfull has-dark-05-background-color has-background has-global-padding is-layout-constrained wp-block-group-is-layout-constrained\" style=\"border-bottom-color:var(--wp--preset--color--dark-10);border-bottom-style:solid;border-bottom-width:1px;margin-top:0;padding-top:0;padding-bottom:0\">\n<div class=\"wp-block-group alignwide is-style-border-shadow-dark has-dim-text-color has-text-color has-link-color wp-elements-284428f47dc4859da6af23c448546b14 has-global-padding is-layout-constrained wp-container-core-group-is-layout-0debefae wp-block-group-is-layout-constrained\" style=\"padding-top:var(--wp--preset--spacing--normal);padding-right:var(--wp--preset--spacing--normal);padding-bottom:var(--wp--preset--spacing--normal);padding-left:var(--wp--preset--spacing--normal)\">\n<div class=\"wp-block-group alignfull is-layout-grid wp-container-core-group-is-layout-df4581a5 wp-block-group-is-layout-grid\"><h1 class=\"wp-block-post-title wp-container-content-efa8a867\">Pol\u00edtica de privacidad.<\/h1>\n\n\n<div class=\"wp-block-group alignwide wp-container-content-117578d8 is-vertical is-layout-flex wp-container-core-group-is-layout-5f65a4ed wp-block-group-is-layout-flex\">\n<p><strong>Fecha de entrada en vigor<\/strong><\/p>\n\n\n\n<p class=\"has-link-color wp-elements-b78507f277458295a29862bce1f741cf\">June 6th, 2024<\/p>\n<\/div>\n\n\n\n<div class=\"wp-block-group wp-container-content-69bc4bdf is-vertical is-layout-flex wp-container-core-group-is-layout-98bb686d wp-block-group-is-layout-flex\">\n<p><strong>Follow us<\/strong><\/p>\n\n\n\n<ul class=\"wp-block-social-links has-small-icon-size has-icon-color is-style-logos-only is-layout-flex wp-container-core-social-links-is-layout-5f86147d wp-block-social-links-is-layout-flex\"><li style=\"color:#0a2540;\" class=\"wp-social-link wp-social-link-x has-light-title-color wp-block-social-link\"><a rel=\"noopener nofollow\" target=\"_blank\" href=\"https:\/\/www.twitter.com\/leadermastery\" class=\"wp-block-social-link-anchor\"><svg width=\"24\" height=\"24\" viewBox=\"0 0 24 24\" version=\"1.1\" xmlns=\"http:\/\/www.w3.org\/2000\/svg\" aria-hidden=\"true\" focusable=\"false\"><path d=\"M13.982 10.622 20.54 3h-1.554l-5.693 6.618L8.745 3H3.5l6.876 10.007L3.5 21h1.554l6.012-6.989L15.868 21h5.245l-7.131-10.378Zm-2.128 2.474-.697-.997-5.543-7.93H8l4.474 6.4.697.996 5.815 8.318h-2.387l-4.745-6.787Z\" \/><\/svg><span class=\"wp-block-social-link-label screen-reader-text\">X<\/span><\/a><\/li>\n\n<li style=\"color:#0a2540;\" class=\"wp-social-link wp-social-link-linkedin has-light-title-color wp-block-social-link\"><a rel=\"noopener nofollow\" target=\"_blank\" href=\"https:\/\/www.linkedin.com\" class=\"wp-block-social-link-anchor\"><svg width=\"24\" height=\"24\" viewBox=\"0 0 24 24\" version=\"1.1\" xmlns=\"http:\/\/www.w3.org\/2000\/svg\" aria-hidden=\"true\" focusable=\"false\"><path d=\"M19.7,3H4.3C3.582,3,3,3.582,3,4.3v15.4C3,20.418,3.582,21,4.3,21h15.4c0.718,0,1.3-0.582,1.3-1.3V4.3 C21,3.582,20.418,3,19.7,3z M8.339,18.338H5.667v-8.59h2.672V18.338z M7.004,8.574c-0.857,0-1.549-0.694-1.549-1.548 c0-0.855,0.691-1.548,1.549-1.548c0.854,0,1.547,0.694,1.547,1.548C8.551,7.881,7.858,8.574,7.004,8.574z M18.339,18.338h-2.669 v-4.177c0-0.996-0.017-2.278-1.387-2.278c-1.389,0-1.601,1.086-1.601,2.206v4.249h-2.667v-8.59h2.559v1.174h0.037 c0.356-0.675,1.227-1.387,2.526-1.387c2.703,0,3.203,1.779,3.203,4.092V18.338z\"><\/path><\/svg><span class=\"wp-block-social-link-label screen-reader-text\">LinkedIn<\/span><\/a><\/li>\n\n<li style=\"color:#0a2540;\" class=\"wp-social-link wp-social-link-instagram has-light-title-color wp-block-social-link\"><a rel=\"noopener nofollow\" target=\"_blank\" href=\"https:\/\/www.instagram.com\/leadermasteryapp\" class=\"wp-block-social-link-anchor\"><svg width=\"24\" height=\"24\" viewBox=\"0 0 24 24\" version=\"1.1\" xmlns=\"http:\/\/www.w3.org\/2000\/svg\" aria-hidden=\"true\" focusable=\"false\"><path d=\"M12,4.622c2.403,0,2.688,0.009,3.637,0.052c0.877,0.04,1.354,0.187,1.671,0.31c0.42,0.163,0.72,0.358,1.035,0.673 c0.315,0.315,0.51,0.615,0.673,1.035c0.123,0.317,0.27,0.794,0.31,1.671c0.043,0.949,0.052,1.234,0.052,3.637 s-0.009,2.688-0.052,3.637c-0.04,0.877-0.187,1.354-0.31,1.671c-0.163,0.42-0.358,0.72-0.673,1.035 c-0.315,0.315-0.615,0.51-1.035,0.673c-0.317,0.123-0.794,0.27-1.671,0.31c-0.949,0.043-1.233,0.052-3.637,0.052 s-2.688-0.009-3.637-0.052c-0.877-0.04-1.354-0.187-1.671-0.31c-0.42-0.163-0.72-0.358-1.035-0.673 c-0.315-0.315-0.51-0.615-0.673-1.035c-0.123-0.317-0.27-0.794-0.31-1.671C4.631,14.688,4.622,14.403,4.622,12 s0.009-2.688,0.052-3.637c0.04-0.877,0.187-1.354,0.31-1.671c0.163-0.42,0.358-0.72,0.673-1.035 c0.315-0.315,0.615-0.51,1.035-0.673c0.317-0.123,0.794-0.27,1.671-0.31C9.312,4.631,9.597,4.622,12,4.622 M12,3 C9.556,3,9.249,3.01,8.289,3.054C7.331,3.098,6.677,3.25,6.105,3.472C5.513,3.702,5.011,4.01,4.511,4.511 c-0.5,0.5-0.808,1.002-1.038,1.594C3.25,6.677,3.098,7.331,3.054,8.289C3.01,9.249,3,9.556,3,12c0,2.444,0.01,2.751,0.054,3.711 c0.044,0.958,0.196,1.612,0.418,2.185c0.23,0.592,0.538,1.094,1.038,1.594c0.5,0.5,1.002,0.808,1.594,1.038 c0.572,0.222,1.227,0.375,2.185,0.418C9.249,20.99,9.556,21,12,21s2.751-0.01,3.711-0.054c0.958-0.044,1.612-0.196,2.185-0.418 c0.592-0.23,1.094-0.538,1.594-1.038c0.5-0.5,0.808-1.002,1.038-1.594c0.222-0.572,0.375-1.227,0.418-2.185 C20.99,14.751,21,14.444,21,12s-0.01-2.751-0.054-3.711c-0.044-0.958-0.196-1.612-0.418-2.185c-0.23-0.592-0.538-1.094-1.038-1.594 c-0.5-0.5-1.002-0.808-1.594-1.038c-0.572-0.222-1.227-0.375-2.185-0.418C14.751,3.01,14.444,3,12,3L12,3z M12,7.378 c-2.552,0-4.622,2.069-4.622,4.622S9.448,16.622,12,16.622s4.622-2.069,4.622-4.622S14.552,7.378,12,7.378z M12,15 c-1.657,0-3-1.343-3-3s1.343-3,3-3s3,1.343,3,3S13.657,15,12,15z M16.804,6.116c-0.596,0-1.08,0.484-1.08,1.08 s0.484,1.08,1.08,1.08c0.596,0,1.08-0.484,1.08-1.08S17.401,6.116,16.804,6.116z\"><\/path><\/svg><span class=\"wp-block-social-link-label screen-reader-text\">Instagram<\/span><\/a><\/li>\n\n<li style=\"color:#0a2540;\" class=\"wp-social-link wp-social-link-youtube has-light-title-color wp-block-social-link\"><a rel=\"noopener nofollow\" target=\"_blank\" href=\"https:\/\/www.youtube.com\/\" class=\"wp-block-social-link-anchor\"><svg width=\"24\" height=\"24\" viewBox=\"0 0 24 24\" version=\"1.1\" xmlns=\"http:\/\/www.w3.org\/2000\/svg\" aria-hidden=\"true\" focusable=\"false\"><path d=\"M21.8,8.001c0,0-0.195-1.378-0.795-1.985c-0.76-0.797-1.613-0.801-2.004-0.847c-2.799-0.202-6.997-0.202-6.997-0.202 h-0.009c0,0-4.198,0-6.997,0.202C4.608,5.216,3.756,5.22,2.995,6.016C2.395,6.623,2.2,8.001,2.2,8.001S2,9.62,2,11.238v1.517 c0,1.618,0.2,3.237,0.2,3.237s0.195,1.378,0.795,1.985c0.761,0.797,1.76,0.771,2.205,0.855c1.6,0.153,6.8,0.201,6.8,0.201 s4.203-0.006,7.001-0.209c0.391-0.047,1.243-0.051,2.004-0.847c0.6-0.607,0.795-1.985,0.795-1.985s0.2-1.618,0.2-3.237v-1.517 C22,9.62,21.8,8.001,21.8,8.001z M9.935,14.594l-0.001-5.62l5.404,2.82L9.935,14.594z\"><\/path><\/svg><span class=\"wp-block-social-link-label screen-reader-text\">YouTube<\/span><\/a><\/li><\/ul>\n<\/div>\n<\/div>\n<\/div>\n<\/div>\n\n<div class=\"wp-block-group alignfull has-global-padding is-layout-constrained wp-block-group-is-layout-constrained\" style=\"border-bottom-color:var(--wp--preset--color--dark-10);border-bottom-style:solid;border-bottom-width:1px;margin-top:0;padding-top:0;padding-bottom:0\">\n<div class=\"wp-block-group alignwide is-style-border-shadow-dark has-global-padding is-layout-constrained wp-block-group-is-layout-constrained\" style=\"margin-bottom:0\">\n<div class=\"wp-block-columns alignfull is-layout-flex wp-container-core-columns-is-layout-28232c24 wp-block-columns-is-layout-flex\">\n<div class=\"wp-block-column has-dark-title-background-color has-background is-layout-flow wp-container-core-column-is-layout-8a368f38 wp-block-column-is-layout-flow\" style=\"flex-basis:75%\"><figure class=\"wp-block-post-featured-image\"><img loading=\"lazy\" decoding=\"async\" width=\"1280\" height=\"720\" src=\"https:\/\/www.leader-mastery.com\/wp-content\/uploads\/placeholder-16by9.webp\" class=\"attachment-post-thumbnail size-post-thumbnail wp-post-image\" alt=\"\" style=\"object-fit:cover;\" srcset=\"https:\/\/www.leader-mastery.com\/wp-content\/uploads\/placeholder-16by9.webp 1280w, https:\/\/www.leader-mastery.com\/wp-content\/uploads\/placeholder-16by9-320x180.webp 320w, https:\/\/www.leader-mastery.com\/wp-content\/uploads\/placeholder-16by9-960x540.webp 960w, https:\/\/www.leader-mastery.com\/wp-content\/uploads\/placeholder-16by9-768x432.webp 768w\" sizes=\"auto, (max-width: 1280px) 100vw, 1280px\" \/><\/figure>\n\n\n<div class=\"wp-block-group has-global-padding is-layout-constrained wp-container-core-group-is-layout-631b8087 wp-block-group-is-layout-constrained\" style=\"padding-top:var(--wp--preset--spacing--normal);padding-right:var(--wp--preset--spacing--normal);padding-bottom:var(--wp--preset--spacing--normal);padding-left:var(--wp--preset--spacing--normal)\">\n<h2 class=\"wp-block-heading\" id=\"introduction\">Introducci\u00f3n<\/h2>\n\n\n\n<p>Leader Mastery (&#8220;nosotros&#8221;, &#8220;nuestro&#8221;, &#8220;nos&#8221;) se compromete a proteger tu privacidad y a garantizar que tengas una experiencia positiva en nuestra Plataforma. Esta Pol\u00edtica de Privacidad explica c\u00f3mo recopilamos, usamos, divulgamos y protegemos tu informaci\u00f3n cuando visitas nuestro sitio web o utilizas nuestros servicios. Al usar nuestra Plataforma, aceptas la recopilaci\u00f3n y el uso de informaci\u00f3n de acuerdo con esta pol\u00edtica.  <\/p>\n\n\n\n<h2 class=\"wp-block-heading\" id=\"information-we-collect\">Informaci\u00f3n que Recopilamos<\/h2>\n\n\n\n<h3 class=\"wp-block-heading\" id=\"personal-information\">Informaci\u00f3n personal<\/h3>\n\n\n\n<p>Podemos recopilar los siguientes tipos de informaci\u00f3n:<\/p>\n\n\n\n<ul class=\"wp-block-list is-style-list-arrow\">\n<li><strong>Informaci\u00f3n de Contacto<\/strong>: Nombre, direcci\u00f3n de correo electr\u00f3nico, n\u00famero de tel\u00e9fono y direcci\u00f3n postal.<\/li>\n\n\n\n<li><strong>Credenciales de Inicio de Sesi\u00f3n<\/strong>: Nombre de usuario y contrase\u00f1a cuando decides crear una cuenta con nosotros.<\/li>\n\n\n\n<li><strong>Informaci\u00f3n de Identificaci\u00f3n<\/strong>: N\u00fameros de identificaci\u00f3n emitidos por el gobierno, como el n\u00famero de Seguro Social o el n\u00famero de licencia de conducir.<\/li>\n\n\n\n<li><strong>Informaci\u00f3n Demogr\u00e1fica<\/strong>: Edad, fecha de nacimiento, estado civil, preferencia de idioma, etnia, raza y g\u00e9nero.<\/li>\n\n\n\n<li><strong>Informaci\u00f3n de Salud<\/strong>: Informaci\u00f3n de salud relevante proporcionada durante las conversaciones con un Agente o representante.<\/li>\n\n\n\n<li><strong>Informaci\u00f3n Comercial<\/strong>: Informaci\u00f3n sobre los productos solicitados y comprados, incluyendo el tipo de producto y la compa\u00f1\u00eda correspondiente.<\/li>\n\n\n\n<li><strong>Informaci\u00f3n Sensorial<\/strong>: Grabaciones de audio de conversaciones con representantes y Agentes, y fragmentos de video de la actividad del usuario en el sitio web.<\/li>\n\n\n\n<li><strong>Actividad en Internet u Otra Actividad Similar en la Red<\/strong>: Historial de navegaci\u00f3n, ID del dispositivo, direcci\u00f3n IP e interacci\u00f3n con nuestra Plataforma.<\/li>\n\n\n\n<li><strong>Datos de Geolocalizaci\u00f3n<\/strong>: Datos de geolocalizaci\u00f3n precisos recopilados de los usuarios.<\/li>\n\n\n\n<li><strong>Informaci\u00f3n Educativa y Profesional<\/strong>: Antecedentes educativos, profesi\u00f3n, ingresos, preferencia de productos, comportamiento del consumidor y propiedad de activos.<\/li>\n<\/ul>\n\n\n\n<h3 class=\"wp-block-heading\" id=\"information-collection-and-use\">Recopilaci\u00f3n y Uso de Informaci\u00f3n<\/h3>\n\n\n\n<p>Podemos usar la informaci\u00f3n que recopilamos para varios fines, incluyendo:<\/p>\n\n\n\n<ul class=\"wp-block-list is-style-list-arrow\">\n<li><strong>Para Proveer y Mejorar Nuestros Servicios<\/strong>: Para operar, mantener y mejorar nuestra Plataforma y servicios.<\/li>\n\n\n\n<li><strong>Para Comunicarnos Contigo<\/strong>: Para enviarte actualizaciones, materiales promocionales y otra informaci\u00f3n relacionada con nuestros servicios.<\/li>\n\n\n\n<li><strong>Para Procesar Transacciones<\/strong>: Para procesar pagos y gestionar suscripciones.<\/li>\n\n\n\n<li><strong>Para Personalizar tu Experiencia<\/strong>: Para entender tus preferencias y adaptar contenido y servicios para ti.<\/li>\n\n\n\n<li><strong>Para Garantizar la Seguridad<\/strong>: Para detectar, prevenir y responder a fraudes, abusos y problemas de seguridad.<\/li>\n\n\n\n<li><strong>Para Cumplir con Obligaciones Legales<\/strong>: Para cumplir con leyes, regulaciones y procesos legales aplicables.<\/li>\n<\/ul>\n\n\n\n<h3 class=\"wp-block-heading\" id=\"sharing-your-information\">Compartir Tu Informaci\u00f3n<\/h3>\n\n\n\n<p>Podemos compartir tu informaci\u00f3n con:<\/p>\n\n\n\n<ul class=\"wp-block-list\">\n<li><strong>Empresas Afiliadas<\/strong>: Para mejorar tu experiencia de usuario y proporcionarte informaci\u00f3n y servicios relevantes.<\/li>\n\n\n\n<li><strong>Empresas Afiliadas<\/strong>: Para mejorar tu experiencia de usuario y proporcionarte informaci\u00f3n y servicios relevantes.<\/li>\n\n\n\n<li><strong>Autoridades Legales y Regulatorias<\/strong>: Para cumplir con obligaciones legales, responder a solicitudes legales y proteger nuestros derechos.<\/li>\n\n\n\n<li><strong>Transferencias Comerciales<\/strong>: En relaci\u00f3n con una fusi\u00f3n, adquisici\u00f3n o venta de la totalidad o una parte de nuestros activos.<\/li>\n<\/ul>\n\n\n\n<h3 class=\"wp-block-heading\" id=\"data-security\">Seguridad de los Datos<\/h3>\n\n\n\n<p>Implementamos medidas t\u00e9cnicas y organizativas adecuadas para proteger tu informaci\u00f3n contra el acceso, uso o divulgaci\u00f3n no autorizados. Sin embargo, ning\u00fan m\u00e9todo de transmisi\u00f3n por Internet o de almacenamiento electr\u00f3nico es completamente seguro y no podemos garantizar una seguridad absoluta. <\/p>\n\n\n\n<h3 class=\"wp-block-heading\" id=\"your-rights-and-choices\">Tus Derechos y Opciones<\/h3>\n\n\n\n<p>Tienes los siguientes derechos con respecto a tu informaci\u00f3n:<\/p>\n\n\n\n<p><strong>Acceso y Actualizaci\u00f3n<\/strong>: Puedes acceder y actualizar tu informaci\u00f3n personal a trav\u00e9s de la configuraci\u00f3n de tu cuenta.<br\/>Optar por No Participar: Puedes optar por no recibir comunicaciones promocionales de nuestra parte siguiendo las instrucciones para cancelar la suscripci\u00f3n en esas comunicaciones.<br\/>Eliminar: Puedes solicitar la eliminaci\u00f3n de tu informaci\u00f3n personal, sujeta a ciertas excepciones legales.<br\/>Restringir el Procesamiento: Puedes solicitar que restrinjamos el procesamiento de tu informaci\u00f3n personal en ciertas circunstancias.   <\/p>\n\n\n\n<h3 class=\"wp-block-heading\" id=\"third-party-links\">Enlaces de Terceros<\/h3>\n\n\n\n<p>Nuestra Plataforma puede contener enlaces a sitios web de terceros. No somos responsables de las pr\u00e1cticas de privacidad ni del contenido de estos sitios web. Te recomendamos que revises las pol\u00edticas de privacidad de cualquier sitio web de terceros que visites.  <\/p>\n\n\n\n<h3 class=\"wp-block-heading\" id=\"children-s-privacy\">Privacidad de los Ni\u00f1os<\/h3>\n\n\n\n<p>Our services are not directed to individuals under the age of 13. We do not knowingly collect personal information from children under 13. If we become aware that we have collected personal information from a child under 13, we will take steps to delete such information.  <\/p>\n\n\n\n<h3 class=\"wp-block-heading\" id=\"changes-to-this-privacy-policy\">Cambios en Esta Pol\u00edtica de Privacidad<\/h3>\n\n\n\n<p>Podemos actualizar esta Pol\u00edtica de Privacidad de vez en cuando. Te notificaremos sobre cualquier cambio publicando la nueva Pol\u00edtica de Privacidad en nuestra Plataforma y actualizando la fecha de vigencia. Tu uso continuo de nuestra Plataforma despu\u00e9s de cualquier cambio significa tu aceptaci\u00f3n de la nueva Pol\u00edtica de Privacidad.  <\/p>\n\n\n\n<h3 class=\"wp-block-heading\" id=\"contact-us\">Cont\u00e1ctanos<\/h3>\n\n\n\n<p>Si tienes alguna pregunta o inquietud sobre esta Pol\u00edtica de Privacidad o nuestras pr\u00e1cticas de datos, por favor cont\u00e1ctanos en<a href=\"mailto:info@leader-mastery.com\"> info@leader-mastery.com<\/a><\/p>\n<\/div>\n<\/div>\n\n\n\n<div class=\"wp-block-column has-dark-05-background-color has-background is-layout-flow wp-block-column-is-layout-flow\" style=\"border-left-color:var(--wp--preset--color--dark-10);border-left-style:dashed;border-left-width:1px;flex-basis:25%\">\n<div class=\"wp-block-group has-global-padding is-layout-constrained wp-container-core-group-is-layout-631b8087 wp-block-group-is-layout-constrained wp-container-1 is-position-sticky\" style=\"padding-top:var(--wp--preset--spacing--normal);padding-right:var(--wp--preset--spacing--normal);padding-bottom:var(--wp--preset--spacing--normal);padding-left:var(--wp--preset--spacing--normal)\">\n<p><strong>Contenido de la p\u00e1gina<\/strong><\/p>\n\n\n\n<nav class=\"wp-block-table-of-contents\"><ol><li><a class=\"wp-block-table-of-contents__entry\" href=\"https:\/\/www.leader-mastery.com\/es\/politica-de-privacidad\/#introduction\">Introducci\u00f3n<\/a><\/li><li><a class=\"wp-block-table-of-contents__entry\" href=\"https:\/\/www.leader-mastery.com\/es\/politica-de-privacidad\/#information-we-collect\"><a href=\"https:\/\/www.leader-mastery.com\/es\/politica-de-privacidad\/#information-we-collect\">Informaci\u00f3n que Recopilamos<\/a><\/a><ol><li><a class=\"wp-block-table-of-contents__entry\" href=\"https:\/\/www.leader-mastery.com\/es\/politica-de-privacidad\/#personal-information\"><a href=\"https:\/\/www.leader-mastery.com\/es\/politica-de-privacidad\/#personal-information\">Informaci\u00f3n Personal <\/a><\/a><\/li><li><a class=\"wp-block-table-of-contents__entry\" href=\"https:\/\/www.leader-mastery.com\/es\/politica-de-privacidad\/#information-collection-and-use\"><a href=\"https:\/\/www.leader-mastery.com\/es\/politica-de-privacidad\/#information-collection-and-use\">Recopilaci\u00f3n y Uso de Informaci\u00f3n<\/a><\/a><\/li><li><a class=\"wp-block-table-of-contents__entry\" href=\"https:\/\/www.leader-mastery.com\/es\/politica-de-privacidad\/#sharing-your-information\"><a href=\"https:\/\/www.leader-mastery.com\/es\/politica-de-privacidad\/#sharing-your-information\">Compartir Tu Informaci\u00f3n<\/a><\/a><\/li><li><a class=\"wp-block-table-of-contents__entry\" href=\"https:\/\/www.leader-mastery.com\/es\/politica-de-privacidad\/#data-security\"><a href=\"https:\/\/www.leader-mastery.com\/es\/politica-de-privacidad\/#data-security\">Seguridad de los Datos<\/a><\/a><\/li><li><a class=\"wp-block-table-of-contents__entry\" href=\"https:\/\/www.leader-mastery.com\/es\/politica-de-privacidad\/#your-rights-and-choices\"><a href=\"https:\/\/www.leader-mastery.com\/es\/politica-de-privacidad\/#your-rights-and-choices\">Tus Derechos y Opciones<\/a><\/a><\/li><li><a class=\"wp-block-table-of-contents__entry\" href=\"https:\/\/www.leader-mastery.com\/es\/politica-de-privacidad\/#third-party-links\"><a href=\"https:\/\/www.leader-mastery.com\/es\/politica-de-privacidad\/#third-party-links\">Enlaces de Terceros<\/a><\/a><\/li><li><a class=\"wp-block-table-of-contents__entry\" href=\"https:\/\/www.leader-mastery.com\/es\/politica-de-privacidad\/#children-s-privacy\"><a href=\"https:\/\/www.leader-mastery.com\/es\/politica-de-privacidad\/#children-s-privacy\">Privacidad de los Ni\u00f1os<\/a><\/a><\/li><li><a class=\"wp-block-table-of-contents__entry\" href=\"https:\/\/www.leader-mastery.com\/es\/politica-de-privacidad\/#changes-to-this-privacy-policy\"><a href=\"https:\/\/www.leader-mastery.com\/es\/politica-de-privacidad\/#changes-to-this-privacy-policy\">Cambios en Esta Pol\u00edtica de Privacidad<\/a><\/a><\/li><li><a class=\"wp-block-table-of-contents__entry\" href=\"https:\/\/www.leader-mastery.com\/es\/politica-de-privacidad\/#contact-us\">Cont\u00e1ctanos<\/a><\/li><\/ol><\/li><\/ol><\/nav>\n<\/div>\n<\/div>\n<\/div>\n<\/div>\n<\/div>\n","protected":false},"excerpt":{"rendered":"<p>Fecha de entrada en vigor June 6th, 2024 Introducci\u00f3n Leader Mastery (&#8220;nosotros&#8221;, &#8220;nuestro&#8221;, &#8220;nos&#8221;) se compromete a proteger tu privacidad y a garantizar que tengas una experiencia positiva en nuestra Plataforma. Esta Pol\u00edtica de Privacidad explica c\u00f3mo recopilamos, usamos, divulgamos y protegemos tu informaci\u00f3n cuando visitas nuestro sitio web o utilizas nuestros servicios. Al usar [&hellip;]<\/p>\n","protected":false},"author":1,"featured_media":1247,"parent":0,"menu_order":0,"comment_status":"closed","ping_status":"open","template":"","meta":{"footnotes":""},"class_list":["post-2730","page","type-page","status-publish","has-post-thumbnail","hentry"],"_links":{"self":[{"href":"https:\/\/www.leader-mastery.com\/es\/wp-json\/wp\/v2\/pages\/2730","targetHints":{"allow":["GET"]}}],"collection":[{"href":"https:\/\/www.leader-mastery.com\/es\/wp-json\/wp\/v2\/pages"}],"about":[{"href":"https:\/\/www.leader-mastery.com\/es\/wp-json\/wp\/v2\/types\/page"}],"author":[{"embeddable":true,"href":"https:\/\/www.leader-mastery.com\/es\/wp-json\/wp\/v2\/users\/1"}],"replies":[{"embeddable":true,"href":"https:\/\/www.leader-mastery.com\/es\/wp-json\/wp\/v2\/comments?post=2730"}],"version-history":[{"count":1,"href":"https:\/\/www.leader-mastery.com\/es\/wp-json\/wp\/v2\/pages\/2730\/revisions"}],"predecessor-version":[{"id":2731,"href":"https:\/\/www.leader-mastery.com\/es\/wp-json\/wp\/v2\/pages\/2730\/revisions\/2731"}],"wp:featuredmedia":[{"embeddable":true,"href":"https:\/\/www.leader-mastery.com\/es\/wp-json\/wp\/v2\/media\/1247"}],"wp:attachment":[{"href":"https:\/\/www.leader-mastery.com\/es\/wp-json\/wp\/v2\/media?parent=2730"}],"curies":[{"name":"wp","href":"https:\/\/api.w.org\/{rel}","templated":true}]}}