{"id":3156,"date":"2024-05-21T19:01:52","date_gmt":"2024-05-21T19:01:52","guid":{"rendered":"https:\/\/www.leader-mastery.com\/iniciar-sesion\/"},"modified":"2025-02-03T07:37:26","modified_gmt":"2025-02-03T07:37:26","slug":"iniciar-sesion","status":"publish","type":"page","link":"https:\/\/www.leader-mastery.com\/es\/iniciar-sesion\/","title":{"rendered":"Iniciar sesi\u00f3n"},"content":{"rendered":"\n<div class=\"wp-block-cover alignfull is-light is-style-animated-gradient has-dark-title-color has-text-color has-link-color wp-elements-530a12e69b364df0b0fca3cd3681d70d wp-duotone-midnight\" style=\"min-height:100vh;aspect-ratio:unset;\"><span aria-hidden=\"true\" class=\"wp-block-cover__background has-secondary-background-color has-background-dim\"><\/span><video class=\"wp-block-cover__video-background intrinsic-ignore\" autoplay muted loop playsinline src=\"https:\/\/www.leader-mastery.com\/wp-content\/uploads\/abstract-dark.mp4\" data-object-fit=\"cover\"><\/video><div class=\"wp-block-cover__inner-container has-global-padding is-layout-constrained wp-block-cover-is-layout-constrained\">\n<figure class=\"wp-block-image aligncenter size-medium is-resized\"><a href=\"https:\/\/www.leader-mastery.com\/es\/\"><img loading=\"lazy\" decoding=\"async\" width=\"320\" height=\"320\" src=\"https:\/\/www.leader-mastery.com\/wp-content\/uploads\/\/leader-mastery-emblem-text-320x320.png\" alt=\"Logotipo Leader mastery\" class=\"wp-image-1123\" style=\"width:240px\" srcset=\"https:\/\/www.leader-mastery.com\/wp-content\/uploads\/leader-mastery-emblem-text-320x320.png 320w, https:\/\/www.leader-mastery.com\/wp-content\/uploads\/leader-mastery-emblem-text-960x960.png 960w, https:\/\/www.leader-mastery.com\/wp-content\/uploads\/leader-mastery-emblem-text-160x160.png 160w, https:\/\/www.leader-mastery.com\/wp-content\/uploads\/leader-mastery-emblem-text-768x768.png 768w, https:\/\/www.leader-mastery.com\/wp-content\/uploads\/leader-mastery-emblem-text.png 1280w\" sizes=\"auto, (max-width: 320px) 100vw, 320px\" \/><\/a><\/figure>\n\n\n\n<div class=\"wp-block-group has-global-padding is-layout-constrained wp-container-core-group-is-layout-b821fca1 wp-block-group-is-layout-constrained\">\n<div class=\"wp-block-group has-border-color has-light-05-border-color has-contrast-color has-white-background-color has-text-color has-background has-link-color wp-elements-af44f4fc89961aea87de7902ff71d902 is-vertical is-content-justification-stretch is-layout-flex wp-container-core-group-is-layout-d80f0e23 wp-block-group-is-layout-flex\" style=\"border-width:1px;border-radius:0.4em;padding-top:var(--wp--preset--spacing--60);padding-right:var(--wp--preset--spacing--60);padding-bottom:var(--wp--preset--spacing--60);padding-left:var(--wp--preset--spacing--60)\">\n<div class=\"wp-block-group has-global-padding is-layout-constrained wp-block-group-is-layout-constrained\"><div class=\"woocommerce-notices-wrapper\"><\/div>\n<form class=\"form-login login\" method=\"post\">\n\n\t<h2 class=\"form-title has-medium-font-size\">\n\t\tIniciar sesi\u00f3n en &nbsp;Leader Mastery\t<\/h2>\n\n\t\n\t<div class=\"form-row form-row--input\">\n\t\t<label class=\"has-small-font-size\" for=\"username\">\n\t\t\tNombre de usuario o correo electr\u00f3nico&nbsp;\n\t\t\t<em class=\"required\">*<\/em>\n\t\t<\/label>\n\t\t<input\n\t\t\ttype=\"text\"\n\t\t\tplaceholder=\"Introducir nombre de usuario\"\n\t\t\tname=\"username\"\n\t\t\tid=\"username\"\n\t\t\tautocomplete=\"username\"\n\t\t\tvalue=\"\"\n\t\t\/>\n\t<\/div>\n\n\t<div class=\"form-row form-row--input\">\n\t\t<label class=\"has-small-font-size\" for=\"password\">\n\t\t\tContrase\u00f1a&nbsp;\n\t\t\t<em class=\"required\">*<\/em>\n\t\t<\/label>\n\t\t<input\n\t\t\tplaceholder=\"Introduzca su contrase\u00f1a\"\n\t\t\ttype=\"password\"\n\t\t\tname=\"password\"\n\t\t\tid=\"password\"\n\t\t\tautocomplete=\"current-password\"\n\t\t\/>\n\t\t<p class=\"has-x-small-font-size\" style=\"margin:0\">\n\t\t\tPerdi\u00f3 u olvid\u00f3 su contrase\u00f1a\t\t\t<a class=\"has-small-font-size\" href=\"https:\/\/www.leader-mastery.com\/es\/mi-cuenta\/Olvid%C3%B3%20contrase%C3%B1a\/\">\n\t\t\t\tRecup\u00e9relo aqui\t\t\t<\/a>\n\t\t<\/p>\n\t<\/div>\n\n\t\n\t<label class=\"has-small-font-size\">\n\t\t<input name=\"rememberme\" type=\"checkbox\" id=\"rememberme\" value=\"forever\"\/>\n\t\t<span>\n\t\t\tMantenerme conectado\t\t<\/span>\n\t<\/label>\n\n\t<p class=\"form-row\">\n\t\t<input type=\"hidden\" id=\"woocommerce-login-nonce\" name=\"woocommerce-login-nonce\" value=\"cebdc8f53d\" \/><input type=\"hidden\" name=\"_wp_http_referer\" value=\"\/es\/wp-json\/wp\/v2\/pages\/3156\" \/>\t\t<button\n\t\t\ttype=\"submit\"\n\t\t\tclass=\"form-button flex gap-40 justify-content-center  wp-element-button has-primary-background-color has-dark-color \"\n\t\t\tname=\"login\"\n\t\t\tvalue=\"Acceder\"\n\t\t\tstyle=\"width: 100%;\"\n\t\t>\n\t\t\tAcceder a la cuenta\t\t\t<svg\n\t\t\t\txmlns=\"http:\/\/www.w3.org\/2000\/svg\"\n\t\t\t\twidth=\"20px\"\n\t\t\t\theight=\"20px\"\n\t\t\t\tviewBox=\"0 -960 960 960\"\n\t\t\t\tfill=\"currentColor\"\n\t\t\t>\n\t\t\t\t<path\n\t\t\t\t\td=\"M480-144v-72h264v-528H480v-72h264q29.7 0 50.85 21.15Q816-773.7 816-744v528q0 29.7-21.15 50.85Q773.7-144 744-144H480Zm-72-168-51-51 81-81H144v-72h294l-81-81 51-51 168 168-168 168Z\"\n\t\t\t\t\/>\n\t\t\t<\/svg>\n\t\t<\/button>\n\t<\/p>\n\n\t<p class=\"has-small-font-size\">\n\t\t\u00bfNo tiene cuenta?&nbsp;<a href=\"https:\/\/www.leader-mastery.com\/es\/\/register\">Crear una cuenta<\/a>\t<\/p>\n\n\t\n<\/form>\n\n\n<\/div>\n<\/div>\n<\/div>\n<\/div><\/div>\n","protected":false},"excerpt":{"rendered":"","protected":false},"author":1,"featured_media":0,"parent":0,"menu_order":0,"comment_status":"closed","ping_status":"closed","template":"blank","meta":{"footnotes":""},"class_list":["post-3156","page","type-page","status-publish","hentry"],"_links":{"self":[{"href":"https:\/\/www.leader-mastery.com\/es\/wp-json\/wp\/v2\/pages\/3156","targetHints":{"allow":["GET"]}}],"collection":[{"href":"https:\/\/www.leader-mastery.com\/es\/wp-json\/wp\/v2\/pages"}],"about":[{"href":"https:\/\/www.leader-mastery.com\/es\/wp-json\/wp\/v2\/types\/page"}],"author":[{"embeddable":true,"href":"https:\/\/www.leader-mastery.com\/es\/wp-json\/wp\/v2\/users\/1"}],"replies":[{"embeddable":true,"href":"https:\/\/www.leader-mastery.com\/es\/wp-json\/wp\/v2\/comments?post=3156"}],"version-history":[{"count":5,"href":"https:\/\/www.leader-mastery.com\/es\/wp-json\/wp\/v2\/pages\/3156\/revisions"}],"predecessor-version":[{"id":10054,"href":"https:\/\/www.leader-mastery.com\/es\/wp-json\/wp\/v2\/pages\/3156\/revisions\/10054"}],"wp:attachment":[{"href":"https:\/\/www.leader-mastery.com\/es\/wp-json\/wp\/v2\/media?parent=3156"}],"curies":[{"name":"wp","href":"https:\/\/api.w.org\/{rel}","templated":true}]}}