{"id":3246,"date":"2024-05-21T18:37:30","date_gmt":"2024-05-21T18:37:30","guid":{"rendered":"https:\/\/www.leader-mastery.com\/registro-de-usuarios\/"},"modified":"2025-02-03T07:38:25","modified_gmt":"2025-02-03T07:38:25","slug":"registro-de-usuarios","status":"publish","type":"page","link":"https:\/\/www.leader-mastery.com\/es\/registro-de-usuarios\/","title":{"rendered":"Registro de usuarios"},"content":{"rendered":"\n<div class=\"wp-block-cover alignfull is-light has-custom-content-position is-position-top-center is-style-animated-gradient has-dark-title-color has-text-color has-link-color wp-elements-6f0945f3661ba7a3391820ca950b9a69 wp-duotone-midnight\" style=\"min-height:100vh;aspect-ratio:unset;\"><span aria-hidden=\"true\" class=\"wp-block-cover__background has-secondary-background-color has-background-dim\"><\/span><video class=\"wp-block-cover__video-background intrinsic-ignore\" autoplay muted loop playsinline src=\"https:\/\/www.leader-mastery.com\/wp-content\/uploads\/abstract-dark.mp4\" data-object-fit=\"cover\"><\/video><div class=\"wp-block-cover__inner-container has-global-padding is-layout-constrained wp-block-cover-is-layout-constrained\">\n<figure class=\"wp-block-image aligncenter size-medium is-resized\"><img loading=\"lazy\" decoding=\"async\" width=\"320\" height=\"320\" src=\"https:\/\/www.leader-mastery.com\/wp-content\/uploads\/\/leader-mastery-emblem-text-320x320.png\" alt=\"Logotipo Leader Mastery\" class=\"wp-image-1123\" style=\"width:240px\" srcset=\"https:\/\/www.leader-mastery.com\/wp-content\/uploads\/leader-mastery-emblem-text-320x320.png 320w, https:\/\/www.leader-mastery.com\/wp-content\/uploads\/leader-mastery-emblem-text-960x960.png 960w, https:\/\/www.leader-mastery.com\/wp-content\/uploads\/leader-mastery-emblem-text-160x160.png 160w, https:\/\/www.leader-mastery.com\/wp-content\/uploads\/leader-mastery-emblem-text-768x768.png 768w, https:\/\/www.leader-mastery.com\/wp-content\/uploads\/leader-mastery-emblem-text.png 1280w\" sizes=\"auto, (max-width: 320px) 100vw, 320px\" \/><\/figure>\n\n\n\n<div class=\"wp-block-group has-global-padding is-layout-constrained wp-container-core-group-is-layout-b821fca1 wp-block-group-is-layout-constrained\">\n<div class=\"wp-block-group is-style-box-shadow has-contrast-color has-white-background-color has-text-color has-background has-link-color wp-elements-7c5237e085221cb8e8af4f26c5ea3d4b has-global-padding is-layout-constrained wp-container-core-group-is-layout-ae744a23 wp-block-group-is-layout-constrained\" style=\"border-radius:0.4em;padding-top:var(--wp--preset--spacing--70);padding-right:var(--wp--preset--spacing--70);padding-bottom:var(--wp--preset--spacing--70);padding-left:var(--wp--preset--spacing--70)\">\t\t<form\n\t\t\tmethod=\"post\"\n\t\t\tclass=\"form-register woocommerce-form woocommerce-form-register register\"\n\t\t\tid=\"registration-form\"\n\t\t>\n\t\t\t<input type=\"hidden\" name=\"registration_time\" value=\"1778074826\"\/>\n\t\t\t<h2 class=\"form-title has-medium-font-size\">\n\t\t\t\tCrear una cuenta\t\t\t<\/h2>\n\n\t\t\t<p class=\"has-small-font-size\">\n\t\t\t\tRellene el siguiente formulario para inscribirse. Si ya es miembro, por favor\t\t\t\t<a href=\"https:\/\/www.leader-mastery.com\/es\/login\/\">reg\u00edstrese aqu\u00ed<\/a>.\n\t\t\t<\/p>\n\n\t\t\t<p id=\"form-errors\" class=\"form-errors\"><\/p>\n\n\t\t\t<div class=\"form-grid\">\n\t\t\t\t<div class=\"form-grid-cell--half\">\n\t\t\t\t\t<label\n\t\t\t\t\t\tclass=\"form-label\"\n\t\t\t\t\t\tfor=\"reg_first_name\"\n\t\t\t\t\t>\n\t\t\t\t\t\tNombre\t\t\t\t\t\t<em class=\"required\">*<\/em>\n\t\t\t\t\t<\/label>\n\t\t\t\t\t<input\n\t\t\t\t\t\ttype=\"text\"\n\t\t\t\t\t\tplaceholder=\"Introduzca el nombre\"\n\t\t\t\t\t\tname=\"first_name\"\n\t\t\t\t\t\tid=\"reg_first_name\"\n\t\t\t\t\t\tautocomplete=\"given-name\"\n\t\t\t\t\t\tvalue=\"\"\n\t\t\t\t\t\trequired\n\t\t\t\t\t\/>\n\t\t\t\t<\/div>\n\t\t\t\t<div class=\"form-grid-cell--half\">\n\t\t\t\t\t<label\n\t\t\t\t\t\tclass=\"form-label\"\n\t\t\t\t\t\tfor=\"reg_last_name\"\n\t\t\t\t\t>\n\t\t\t\t\t\tApellidos\t\t\t\t\t\t<em class=\"required\">*<\/em>\n\t\t\t\t\t<\/label>\n\t\t\t\t\t<input\n\t\t\t\t\t\ttype=\"text\"\n\t\t\t\t\t\tplaceholder=\"Introduzca el apellido\"\n\t\t\t\t\t\tname=\"last_name\"\n\t\t\t\t\t\tid=\"reg_last_name\"\n\t\t\t\t\t\tautocomplete=\"family-name\"\n\t\t\t\t\t\tvalue=\"\"\n\t\t\t\t\t\trequired\n\t\t\t\t\t\/>\n\t\t\t\t<\/div>\n\t\t\t\t<div class=\"form-grid-cell\">\n\t\t\t\t\t<label\n\t\t\t\t\t\tclass=\"form-label\"\n\t\t\t\t\t\tfor=\"reg_email\"\n\t\t\t\t\t>\n\t\t\t\t\t\tCorreo electr\u00f3nico\t\t\t\t\t\t<em class=\"required\">*<\/em>\n\t\t\t\t\t<\/label>\n\t\t\t\t\t<input\n\t\t\t\t\t\ttype=\"email\"\n\t\t\t\t\t\tplaceholder=\"Introduzca la direcci\u00f3n de correo electr\u00f3nico\"\n\t\t\t\t\t\tname=\"email\"\n\t\t\t\t\t\tid=\"reg_email\"\n\t\t\t\t\t\tautocomplete=\"email\"\n\t\t\t\t\t\tvalue=\"\"\n\t\t\t\t\t\trequired\n\t\t\t\t\t\/>\n\t\t\t\t\t<span id=\"email-availability-status\"><\/span>\n\t\t\t\t<\/div>\n\t\t\t\t<div class=\"form-grid-cell\">\n\t\t\t\t\t<label\n\t\t\t\t\t\tclass=\"form-label\"\n\t\t\t\t\t\tfor=\"reg_email_confirm\"\n\t\t\t\t\t>\n\t\t\t\t\t\tConfirmar Correo Electr\u00f3nico\t\t\t\t\t\t<em class=\"required\">*<\/em>\n\t\t\t\t\t<\/label>\n\t\t\t\t\t<input\n\t\t\t\t\t\ttype=\"email\"\n\t\t\t\t\t\tplaceholder=\"Confirmar direcci\u00f3n de correo electr\u00f3nico\"\n\t\t\t\t\t\tname=\"email_confirm\"\n\t\t\t\t\t\tid=\"reg_email_confirm\"\n\t\t\t\t\t\tautocomplete=\"email\"\n\t\t\t\t\t\tvalue=\"\"\n\t\t\t\t\t\trequired\n\t\t\t\t\t\/>\n\t\t\t\t<\/div>\n\t\t\t\t<div class=\"form-grid-cell\">\n\t\t\t\t\t<label\n\t\t\t\t\t\tclass=\"form-label\"\n\t\t\t\t\t\tfor=\"reg_phone\"\n\t\t\t\t\t>\n\t\t\t\t\t\tN\u00famero de tel\u00e9fono\t\t\t\t\t\t<em class=\"required\">*<\/em>\n\t\t\t\t\t<\/label>\n\t\t\t\t\t<input\n\t\t\t\t\t\ttype=\"tel\"\n\t\t\t\t\t\tname=\"phone\"\n\t\t\t\t\t\tplaceholder=\"Introduzca el n\u00famero de tel\u00e9fono\"\n\t\t\t\t\t\tid=\"reg_phone\"\n\t\t\t\t\t\tautocomplete=\"tel\"\n\t\t\t\t\t\tvalue=\"\"\n\t\t\t\t\t\trequired\n\t\t\t\t\t\/>\n\t\t\t\t<\/div>\n\t\t\t\t<div class=\"form-grid-cell\">\n\t\t\t\t\t<label class=\"form-label\" for=\"reg_password\">\n\t\t\t\t\t\tContrase\u00f1a\t\t\t\t\t\t<em class=\"required\">*<\/em>\n\t\t\t\t\t\t<span class=\"tooltip-icon\"\n\t\t\t\t\t\t\t  data-tooltip=\"Password requirements: minimum 8 characters, one uppercase letter, one lowercase letter, one number, and one special character\">\n\t\t\t\t\t\t\t<svg xmlns=\"http:\/\/www.w3.org\/2000\/svg\" height=\"16px\" viewBox=\"0 -960 960 960\" width=\"16px\"\n\t\t\t\t\t\t\t\t fill=\"currentColor\">\n\t\t\t\t\t\t\t\t<path\n\t\t\t\t\t\t\t\t\td=\"M440-280h80v-240h-80v240Zm40-320q17 0 28.5-11.5T520-640q0-17-11.5-28.5T480-680q-17 0-28.5 11.5T440-640q0 17 11.5 28.5T480-600Zm0 520q-83 0-156-31.5T197-197q-54-54-85.5-127T80-480q0-83 31.5-156T197-763q54-54 127-85.5T480-880q83 0 156 31.5T763-763q54 54 85.5 127T880-480q0 83-31.5 156T763-197q-54 54-127 85.5T480-80Zm0-80q134 0 227-93t93-227q0-134-93-227t-227-93q-134 0-227 93t-93 227q0 134 93 227t227 93Zm0-320Z\"\/>\n\t\t\t\t\t\t\t<\/svg>\n\t\t\t\t\t\t<\/span>\n\t\t\t\t\t<\/label>\n\t\t\t\t\t<div class=\"password-field-container\">\n\t\t\t\t\t\t<input\n\t\t\t\t\t\t\ttype=\"password\"\n\t\t\t\t\t\t\tname=\"password\"\n\t\t\t\t\t\t\tid=\"reg_password\"\n\t\t\t\t\t\t\tplaceholder=\"Introduzca su contrase\u00f1a\"\n\t\t\t\t\t\t\trequired\n\t\t\t\t\t\t\/>\n\t\t\t\t\t\t<div class=\"password-validation\">\n\t\t\t\t\t\t\t<ul class=\"validation-list\">\n\t\t\t\t\t\t\t\t<li data-requirement=\"length\" class=\"validation-item\">\n\t\t\t\t\t\t\t\t\t<svg class=\"check-icon\" xmlns=\"http:\/\/www.w3.org\/2000\/svg\" height=\"16px\"\n\t\t\t\t\t\t\t\t\t\t viewBox=\"0 -960 960 960\" width=\"16px\" fill=\"currentColor\">\n\t\t\t\t\t\t\t\t\t\t<path\n\t\t\t\t\t\t\t\t\t\t\td=\"m424-296 282-282-56-56-226 226-114-114-56 56 170 170Zm56 216q-83 0-156-31.5T197-197q-54-54-85.5-127T80-480q0-83 31.5-156T197-763q54-54 127-85.5T480-880q83 0 156 31.5T763-763q54 54 85.5 127T880-480q0 83-31.5 156T763-197q-54 54-127 85.5T480-80Z\"\/>\n\t\t\t\t\t\t\t\t\t<\/svg>\n\t\t\t\t\t\t\t\t\tAl menos 8 caracteres\t\t\t\t\t\t\t\t<\/li>\n\t\t\t\t\t\t\t\t<li data-requirement=\"uppercase\" class=\"validation-item\">\n\t\t\t\t\t\t\t\t\t<svg class=\"check-icon\" xmlns=\"http:\/\/www.w3.org\/2000\/svg\" height=\"16px\"\n\t\t\t\t\t\t\t\t\t\t viewBox=\"0 -960 960 960\" width=\"16px\" fill=\"currentColor\">\n\t\t\t\t\t\t\t\t\t\t<path\n\t\t\t\t\t\t\t\t\t\t\td=\"m424-296 282-282-56-56-226 226-114-114-56 56 170 170Zm56 216q-83 0-156-31.5T197-197q-54-54-85.5-127T80-480q0-83 31.5-156T197-763q54-54 127-85.5T480-880q83 0 156 31.5T763-763q54 54 85.5 127T880-480q0 83-31.5 156T763-197q-54 54-127 85.5T480-80Z\"\/>\n\t\t\t\t\t\t\t\t\t<\/svg>\n\t\t\t\t\t\t\t\t\tUna letra may\u00fascula\t\t\t\t\t\t\t\t<\/li>\n\t\t\t\t\t\t\t\t<li data-requirement=\"lowercase\" class=\"validation-item\">\n\t\t\t\t\t\t\t\t\t<svg class=\"check-icon\" xmlns=\"http:\/\/www.w3.org\/2000\/svg\" height=\"16px\"\n\t\t\t\t\t\t\t\t\t\t viewBox=\"0 -960 960 960\" width=\"16px\" fill=\"currentColor\">\n\t\t\t\t\t\t\t\t\t\t<path\n\t\t\t\t\t\t\t\t\t\t\td=\"m424-296 282-282-56-56-226 226-114-114-56 56 170 170Zm56 216q-83 0-156-31.5T197-197q-54-54-85.5-127T80-480q0-83 31.5-156T197-763q54-54 127-85.5T480-880q83 0 156 31.5T763-763q54 54 85.5 127T880-480q0 83-31.5 156T763-197q-54 54-127 85.5T480-80Z\"\/>\n\t\t\t\t\t\t\t\t\t<\/svg>\n\t\t\t\t\t\t\t\t\tUna letra min\u00fascula\t\t\t\t\t\t\t\t<\/li>\n\t\t\t\t\t\t\t\t<li data-requirement=\"number\" class=\"validation-item\">\n\t\t\t\t\t\t\t\t\t<svg class=\"check-icon\" xmlns=\"http:\/\/www.w3.org\/2000\/svg\" height=\"16px\"\n\t\t\t\t\t\t\t\t\t\t viewBox=\"0 -960 960 960\" width=\"16px\" fill=\"currentColor\">\n\t\t\t\t\t\t\t\t\t\t<path\n\t\t\t\t\t\t\t\t\t\t\td=\"m424-296 282-282-56-56-226 226-114-114-56 56 170 170Zm56 216q-83 0-156-31.5T197-197q-54-54-85.5-127T80-480q0-83 31.5-156T197-763q54-54 127-85.5T480-880q83 0 156 31.5T763-763q54 54 85.5 127T880-480q0 83-31.5 156T763-197q-54 54-127 85.5T480-80Z\"\/>\n\t\t\t\t\t\t\t\t\t<\/svg>\n\t\t\t\t\t\t\t\t\tUn n\u00famero\t\t\t\t\t\t\t\t<\/li>\n\t\t\t\t\t\t\t\t<li data-requirement=\"special\" class=\"validation-item\">\n\t\t\t\t\t\t\t\t\t<svg class=\"check-icon\" xmlns=\"http:\/\/www.w3.org\/2000\/svg\" height=\"16px\"\n\t\t\t\t\t\t\t\t\t\t viewBox=\"0 -960 960 960\" width=\"16px\" fill=\"currentColor\">\n\t\t\t\t\t\t\t\t\t\t<path\n\t\t\t\t\t\t\t\t\t\t\td=\"m424-296 282-282-56-56-226 226-114-114-56 56 170 170Zm56 216q-83 0-156-31.5T197-197q-54-54-85.5-127T80-480q0-83 31.5-156T197-763q54-54 127-85.5T480-880q83 0 156 31.5T763-763q54 54 85.5 127T880-480q0 83-31.5 156T763-197q-54 54-127 85.5T480-80Z\"\/>\n\t\t\t\t\t\t\t\t\t<\/svg>\n\t\t\t\t\t\t\t\t\tUn car\u00e1cter especial\t\t\t\t\t\t\t\t<\/li>\n\t\t\t\t\t\t\t<\/ul>\n\t\t\t\t\t\t<\/div>\n\t\t\t\t\t<\/div>\n\t\t\t\t<\/div>\n\n\t\t\t\t<style>\n\t\t\t\t\t.tooltip-icon {\n\t\t\t\t\t\tdisplay: inline-flex;\n\t\t\t\t\t\tmargin-left: 4px;\n\t\t\t\t\t\tcursor: help;\n\t\t\t\t\t\tposition: relative;\n\t\t\t\t\t}\n\n\t\t\t\t\t.tooltip-icon[data-tooltip]:hover:after {\n\t\t\t\t\t\tcontent: attr(data-tooltip);\n\t\t\t\t\t\tposition: absolute;\n\t\t\t\t\t\tleft: 100%;\n\t\t\t\t\t\ttop: 50%;\n\t\t\t\t\t\ttransform: translateY(-50%);\n\t\t\t\t\t\tbackground: var(--wp--preset--color--dark);\n\t\t\t\t\t\tcolor: var(--wp--preset--color--white);\n\t\t\t\t\t\tpadding: 8px 12px;\n\t\t\t\t\t\tborder-radius: 4px;\n\t\t\t\t\t\tfont-size: 12px;\n\t\t\t\t\t\twhite-space: nowrap;\n\t\t\t\t\t\tz-index: 100;\n\t\t\t\t\t\tmargin-left: 8px;\n\t\t\t\t\t}\n\n\t\t\t\t\t.validation-list {\n\t\t\t\t\t\tlist-style: none;\n\t\t\t\t\t\tmargin: 8px 0 0;\n\t\t\t\t\t\tpadding: 0;\n\t\t\t\t\t\tcolumns: 2;\n\t\t\t\t\t}\n\n\t\t\t\t\t.validation-item {\n\t\t\t\t\t\tdisplay: flex;\n\t\t\t\t\t\talign-items: center;\n\t\t\t\t\t\tgap: 8px;\n\t\t\t\t\t\tcolor: var(--wp--preset--color--dark-20);\n\t\t\t\t\t\tfont-size: 12px;\n\t\t\t\t\t\tmargin-bottom: 4px;\n\t\t\t\t\t}\n\n\t\t\t\t\t.validation-item .check-icon {\n\t\t\t\t\t\topacity: 0.3;\n\t\t\t\t\t}\n\n\t\t\t\t\t.validation-item.valid {\n\t\t\t\t\t\tcolor: var(--wp--preset--color--success);\n\t\t\t\t\t}\n\n\t\t\t\t\t.validation-item.valid .check-icon {\n\t\t\t\t\t\topacity: 1;\n\t\t\t\t\t\tfill: var(--wp--preset--color--success);\n\t\t\t\t\t}\n\t\t\t\t<\/style>\n\n\t\t\t\t<script>\n\t\t\t\t\tdocument.addEventListener('DOMContentLoaded', function () {\n\t\t\t\t\t\tconst passwordInput = document.getElementById('reg_password');\n\t\t\t\t\t\tconst validationItems = document.querySelectorAll('.validation-item');\n\n\t\t\t\t\t\tfunction validatePassword(value) {\n\t\t\t\t\t\t\tconst requirements = {\n\t\t\t\t\t\t\t\tlength: value.length >= 8,\n\t\t\t\t\t\t\t\tuppercase: \/[A-Z]\/.test(value),\n\t\t\t\t\t\t\t\tlowercase: \/[a-z]\/.test(value),\n\t\t\t\t\t\t\t\tnumber: \/[0-9]\/.test(value),\n\t\t\t\t\t\t\t\tspecial: \/[!@#$%^&*(),.?\":{}|<>]\/.test(value)\n\t\t\t\t\t\t\t};\n\n\t\t\t\t\t\t\tvalidationItems.forEach(item => {\n\t\t\t\t\t\t\t\tconst requirement = item.dataset.requirement;\n\t\t\t\t\t\t\t\tif (requirements[requirement]) {\n\t\t\t\t\t\t\t\t\titem.classList.add('valid');\n\t\t\t\t\t\t\t\t} else {\n\t\t\t\t\t\t\t\t\titem.classList.remove('valid');\n\t\t\t\t\t\t\t\t}\n\t\t\t\t\t\t\t});\n\t\t\t\t\t\t}\n\n\t\t\t\t\t\tpasswordInput.addEventListener('input', (e) => {\n\t\t\t\t\t\t\tvalidatePassword(e.target.value);\n\t\t\t\t\t\t});\n\t\t\t\t\t});\n\t\t\t\t<\/script>\n\t\t\t\t<div class=\"form-grid-cell\">\n\t\t\t\t\t<label class=\"form-label\" for=\"reg_confirm_password\">\n\t\t\t\t\t\tConfirma la contrase\u00f1a\t\t\t\t\t\t<em class=\"required\">*<\/em>\n\t\t\t\t\t<\/label>\n\t\t\t\t\t<input\n\t\t\t\t\t\ttype=\"password\"\n\t\t\t\t\t\tname=\"confirm_password\"\n\t\t\t\t\t\tid=\"reg_confirm_password\"\n\t\t\t\t\t\tplaceholder=\"Confirma la contrase\u00f1a\"\n\t\t\t\t\t\trequired\n\t\t\t\t\t\/>\n\t\t\t\t<\/div>\n\t\t\t\t<div class=\"form-grid-cell\">\n\t\t\t\t\t<label class=\"form-label\" for=\"reg_hgi_username\">\n\t\t\t\t\t\tAristotle or HGI Username\t\t\t\t\t\t<em class=\"required\">*<\/em>\n\t\t\t\t\t<\/label>\n\t\t\t\t\t<input\n\t\t\t\t\t\ttype=\"text\"\n\t\t\t\t\t\tplaceholder=\"Enter Aristotle or HGI Username\"\n\t\t\t\t\t\tname=\"hgi_username\"\n\t\t\t\t\t\tid=\"reg_hgi_username\"\n\t\t\t\t\t\tvalue=\"\"\n\t\t\t\t\t\trequired\n\t\t\t\t\t\/>\n\t\t\t\t<\/div>\n\t\t\t\t<div class=\"form-grid-cell\">\n\t\t\t\t\t<label class=\"has-x-small-font-size\" for=\"reg_language\">\n\t\t\t\t\t\tLengua preferida\t\t\t\t\t\t<em class=\"required\">*<\/em>\n\t\t\t\t\t<\/label>\n\t\t\t\t\t<div class=\"form-radio-buttons\">\n\t\t\t\t\t\t<div class=\"form-radio-button\"><input class=\"form-radio-button-input\" type=\"radio\" name=\"language\" id=\"language_es\" value=\"es\" checked required><label class=\"form-radio-button-label\" for=\"language_es\">Espa\u00f1ol<\/label><\/div><div class=\"form-radio-button\"><input class=\"form-radio-button-input\" type=\"radio\" name=\"language\" id=\"language_en\" value=\"en\"  required><label class=\"form-radio-button-label\" for=\"language_en\">English<\/label><\/div>\t\t\t\t\t<\/div>\n\t\t\t\t\t<p class=\"honeypot-field\" style=\"position:absolute; left:-9999px; top:-9999px;\">\n\t\t\t\t\t\t<label\n\t\t\t\t\t\t\tclass=\"has-x-small-font-size\"\n\t\t\t\t\t\t\tfor=\"bot_trap\"\n\t\t\t\t\t\t>\n\t\t\t\t\t\t\tLeave this field empty\t\t\t\t\t\t<\/label>\n\t\t\t\t\t\t<input\n\t\t\t\t\t\t\ttype=\"text\"\n\t\t\t\t\t\t\tname=\"bot_trap\"\n\t\t\t\t\t\t\tid=\"bot_trap\"\n\t\t\t\t\t\t\tautocomplete=\"off\"\n\t\t\t\t\t\t\ttabindex=\"-1\"\n\t\t\t\t\t\t\/>\n\t\t\t\t\t<\/p>\n\t\t\t\t<\/div>\n\t\t\t\t<div class=\"form-grid-cell\">\n\t\t\t\t\t<label class=\"has-x-small-font-size\">\n\t\t\t\t\t\t<input\n\t\t\t\t\t\t\ttype=\"checkbox\"\n\t\t\t\t\t\t\tname=\"terms\"\n\t\t\t\t\t\t\tid=\"terms\"\n\t\t\t\t\t\t\trequired\n\t\t\t\t\t\t\/>\n\t\t\t\t\t\tAl continuar, acepta nuestros <a href=\"https:\/\/www.leader-mastery.com\/es\/terminos-de-servicio\/\" target=\"_blank\">Condiciones<\/a>, y nuestra <a href=\"https:\/\/www.leader-mastery.com\/es\/\/privacy-policy\">Pol\u00edtica de privacidad<\/a>.\t\t\t\t\t\t<span class=\"required\">*<\/span>\n\t\t\t\t\t<\/label>\n\t\t\t\t<\/div>\n\t\t\t<\/div>\n\n\t\t\t<div class=\"has-x-small-font-size form-notice password-notice has-warning-muted-background-color\">\n\t\t\t\t<svg\n\t\t\t\t\txmlns=\"http:\/\/www.w3.org\/2000\/svg\"\n\t\t\t\t\twidth=\"24px\"\n\t\t\t\t\theight=\"24px\"\n\t\t\t\t\tviewBox=\"0 -960 960 960\"\n\t\t\t\t\tfill=\"currentColor\"\n\t\t\t\t>\n\t\t\t\t\t<path\n\t\t\t\t\t\td=\"M480.38-575.08q40.39 0 68.66-28.27 28.27-28.27 28.27-68.65 0-40.38-28.27-68.65-28.27-28.27-68.66-28.27-40.38 0-68.65 28.27-28.27 28.27-28.27 68.65 0 40.38 28.27 68.65 28.27 28.27 68.65 28.27Zm-.76 508.62L363.69-182.38l59.7-66.23-60.85-68.54 55.85-63.16v-86q-65.77-21.69-109.2-77.12-43.42-55.42-43.42-128.57 0-90 62.31-152.31 62.31-62.3 152.3-62.3 90 0 152.31 62.3Q695-762 695-672q0 71.46-42.66 127.04-42.65 55.57-109.96 78.65v337.85l-62.76 62Z\"\n\t\t\t\t\t\/>\n\t\t\t\t<\/svg>\n\t\t\t\t<span>\n                <strong>Tenga en cuenta lo siguiente:<\/strong>\n                Las contrase\u00f1as se generar\u00e1n autom\u00e1ticamente y se enviar\u00e1n a tu correo electr\u00f3nico.            <\/span>\n\t\t\t<\/div>\n\t\t\t<input type=\"hidden\" id=\"woocommerce-register-nonce\" name=\"woocommerce-register-nonce\" value=\"2c177e37ad\" \/><input type=\"hidden\" name=\"_wp_http_referer\" value=\"\/es\/wp-json\/wp\/v2\/pages\/3246\" \/>\t\t\t<p class=\"form-actions\">\n\t\t\t\t<button\n\t\t\t\t\ttype=\"submit\"\n\t\t\t\t\tclass=\"wp-element-button has-primary-background-color has-dark-color\"\n\t\t\t\t\tname=\"register\"\n\t\t\t\t\tvalue=\"Registro\"\n\t\t\t\t>\n\t\t\t\t\tRegistro\t\t\t\t<\/button>\n\t\t\t<\/p>\n\t\t\t<p class=\"has-small-font-size\">\n\t\t\t\t\u00bfYa tiene una cuenta?\t\t\t\t<a href=\"https:\/\/www.leader-mastery.com\/es\/login\/\">Iniciar sesi\u00f3n<\/a>.\n\t\t\t<\/p>\n\n\t\t\t<input type=\"hidden\" name=\"js_check\" id=\"js_check\" value=\"noscript\"\/>\n\t\t\t<script>\n\t\t\t\tdocument.getElementById('js_check').value = '8dcee70d17';\n\t\t\t<\/script>\n\t\t<\/form>\n\t\t\n<\/div>\n<\/div>\n<\/div><\/div>\n","protected":false},"excerpt":{"rendered":"","protected":false},"author":1,"featured_media":0,"parent":0,"menu_order":0,"comment_status":"closed","ping_status":"closed","template":"blank","meta":{"footnotes":""},"class_list":["post-3246","page","type-page","status-publish","hentry"],"_links":{"self":[{"href":"https:\/\/www.leader-mastery.com\/es\/wp-json\/wp\/v2\/pages\/3246","targetHints":{"allow":["GET"]}}],"collection":[{"href":"https:\/\/www.leader-mastery.com\/es\/wp-json\/wp\/v2\/pages"}],"about":[{"href":"https:\/\/www.leader-mastery.com\/es\/wp-json\/wp\/v2\/types\/page"}],"author":[{"embeddable":true,"href":"https:\/\/www.leader-mastery.com\/es\/wp-json\/wp\/v2\/users\/1"}],"replies":[{"embeddable":true,"href":"https:\/\/www.leader-mastery.com\/es\/wp-json\/wp\/v2\/comments?post=3246"}],"version-history":[{"count":4,"href":"https:\/\/www.leader-mastery.com\/es\/wp-json\/wp\/v2\/pages\/3246\/revisions"}],"predecessor-version":[{"id":10055,"href":"https:\/\/www.leader-mastery.com\/es\/wp-json\/wp\/v2\/pages\/3246\/revisions\/10055"}],"wp:attachment":[{"href":"https:\/\/www.leader-mastery.com\/es\/wp-json\/wp\/v2\/media?parent=3246"}],"curies":[{"name":"wp","href":"https:\/\/api.w.org\/{rel}","templated":true}]}}